{"id":305,"date":"2024-01-26T05:38:59","date_gmt":"2024-01-26T05:38:59","guid":{"rendered":"https:\/\/rol.rdx.mybluehost.me\/connectedsourcing.com\/de\/?page_id=305"},"modified":"2026-03-09T07:51:14","modified_gmt":"2026-03-09T07:51:14","slug":"weiterempfehlungen","status":"publish","type":"page","link":"https:\/\/connectedsourcing.com\/de\/weiterempfehlungen\/","title":{"rendered":"Weiterempfehlungen"},"content":{"rendered":"\t\t<div data-elementor-type=\"wp-page\" data-elementor-id=\"305\" class=\"elementor elementor-305\">\n\t\t\t\t<div class=\"elementor-element elementor-element-58f9c354 e-flex e-con-boxed e-con e-parent\" data-id=\"58f9c354\" data-element_type=\"container\" data-e-type=\"container\">\n\t\t\t\t\t<div class=\"e-con-inner\">\n\t\t<div class=\"elementor-element elementor-element-4fb0425c e-flex e-con-boxed e-con e-child\" data-id=\"4fb0425c\" data-element_type=\"container\" data-e-type=\"container\">\n\t\t\t\t\t<div class=\"e-con-inner\">\n\t\t\t\t<div class=\"elementor-element elementor-element-46f5cba2 elementor-widget elementor-widget-text-editor\" data-id=\"46f5cba2\" data-element_type=\"widget\" data-e-type=\"widget\" data-widget_type=\"text-editor.default\">\n\t\t\t\t<div class=\"elementor-widget-container\">\n\t\t\t\t\t\t\t\t\t<p>Wir sind st\u00e4ndig auf der Suche nach neuen Gesch\u00e4ftschancen und bieten eine Verg\u00fctung f\u00fcr Empfehlungen an.<\/p><p>Geben Sie Ihre E-Mail-Adresse ein, um eine Kopie unserer Empfehlungsrichtlinie einzusehen.<\/p>\t\t\t\t\t\t\t\t<\/div>\n\t\t\t\t<\/div>\n\t\t\t\t\t<\/div>\n\t\t\t\t<\/div>\n\t\t\t\t<div class=\"elementor-element elementor-element-65afcbf1 elementor-widget elementor-widget-shortcode\" data-id=\"65afcbf1\" data-element_type=\"widget\" data-e-type=\"widget\" id=\"referral-scheme\" data-widget_type=\"shortcode.default\">\n\t\t\t\t<div class=\"elementor-widget-container\">\n\t\t\t\t\t\t\t<div class=\"elementor-shortcode\">    <div class=\"std-form-wrap std-form-without-custom-fields std-template-3 std-referral\">\r\n    <form method=\"post\" action=\"\" class=\"std-subscription-form\" data-form-alias=\"referral\">\r\n\r\n            <h2 class=\"std-heading-text\">Weiterempfehlungen<\/h2>\r\n<div class=\"both-fields-wrap\">\r\n\r\n            <div class=\"std-field-wrap name-field has-pre-icon\">\r\n            <label for=\"std_name\" class=\"sr-only std-hidden-item\">Name<\/label>\r\n            <input type=\"text\" name=\"std_name\" data-field-key=\"std-name\" class=\"std-name\" placeholder=\"Name\" \/>\r\n            <i class=\"fas fa-user\"><\/i>\r\n        <\/div>\r\n        <!--Email Field-->\r\n    <div class=\"std-field-wrap has-pre-icon\">\r\n        <label for=\"std_email\" class=\"sr-only std-hidden-item\">Email<\/label>\r\n        <input type=\"email\" name=\"std_email\" data-field-key=\"std-email\" class=\"std-email\" placeholder=\"Email\" \/>\r\n        <i class=\"far fa-envelope\"><\/i>\r\n    <\/div>\r\n    <!-- Email Field-->\r\n<\/div>\r\n\r\n\r\n<!-- Subscribe Button-->\r\n<div class=\"std-field-wrap std-btn-parent\">\r\n    <input type=\"submit\" name=\"std_form_submit\" class=\"std-form-submit\" value=\"Submit\" \/>\r\n\r\n<\/div>\r\n\r\n\r\n\r\n\r\n<div class=\"std-form-message\"><\/div>\r\n<span class=\"std-form-loader-wraper\">\r\n    <div class=\"std-form-loader std-form-loader-1\">Loading...<\/div>\r\n<\/span>    <\/form>\r\n<\/div><\/div>\n\t\t\t\t\t\t<\/div>\n\t\t\t\t<\/div>\n\t\t\t\t\t<\/div>\n\t\t\t\t<\/div>\n\t\t\t\t<\/div>\n\t\t","protected":false},"excerpt":{"rendered":"<p>Wir sind st\u00e4ndig auf der Suche nach neuen Gesch\u00e4ftschancen und bieten eine Verg\u00fctung f\u00fcr Empfehlungen an. Geben Sie Ihre E-Mail-Adresse ein, um eine Kopie unserer Empfehlungsrichtlinie einzusehen.<\/p>\n","protected":false},"author":3,"featured_media":69,"parent":0,"menu_order":0,"comment_status":"closed","ping_status":"closed","template":"","meta":{"nf_dc_page":"","footnotes":""},"class_list":["post-305","page","type-page","status-publish","has-post-thumbnail","hentry"],"yoast_head":"<!-- This site is optimized with the Yoast SEO plugin v27.4 - https:\/\/yoast.com\/product\/yoast-seo-wordpress\/ -->\n<title>Weiterempfehlungen - Connected Sourcing<\/title>\n<meta name=\"robots\" content=\"index, follow, max-snippet:-1, max-image-preview:large, max-video-preview:-1\" \/>\n<link rel=\"canonical\" href=\"https:\/\/connectedsourcing.com\/de\/weiterempfehlungen\/\" \/>\n<meta property=\"og:locale\" content=\"en_US\" \/>\n<meta property=\"og:type\" content=\"article\" \/>\n<meta property=\"og:title\" content=\"Weiterempfehlungen - Connected Sourcing\" \/>\n<meta property=\"og:description\" content=\"Wir sind st\u00e4ndig auf der Suche nach neuen Gesch\u00e4ftschancen und bieten eine Verg\u00fctung f\u00fcr Empfehlungen an. Geben Sie Ihre E-Mail-Adresse ein, um eine Kopie unserer Empfehlungsrichtlinie einzusehen.\" \/>\n<meta property=\"og:url\" content=\"https:\/\/connectedsourcing.com\/de\/weiterempfehlungen\/\" \/>\n<meta property=\"og:site_name\" content=\"Connected Sourcing\" \/>\n<meta property=\"article:modified_time\" content=\"2026-03-09T07:51:14+00:00\" \/>\n<meta property=\"og:image\" content=\"https:\/\/connectedsourcing.com\/de\/wp-content\/uploads\/2024\/01\/map-network-connection.png\" \/>\n\t<meta property=\"og:image:width\" content=\"756\" \/>\n\t<meta property=\"og:image:height\" content=\"464\" \/>\n\t<meta property=\"og:image:type\" content=\"image\/png\" \/>\n<meta name=\"twitter:card\" content=\"summary_large_image\" \/>\n<meta name=\"twitter:label1\" content=\"Est. reading time\" \/>\n\t<meta name=\"twitter:data1\" content=\"1 minute\" \/>\n<script type=\"application\/ld+json\" class=\"yoast-schema-graph\">{\"@context\":\"https:\\\/\\\/schema.org\",\"@graph\":[{\"@type\":\"WebPage\",\"@id\":\"https:\\\/\\\/connectedsourcing.com\\\/de\\\/weiterempfehlungen\\\/\",\"url\":\"https:\\\/\\\/connectedsourcing.com\\\/de\\\/weiterempfehlungen\\\/\",\"name\":\"Weiterempfehlungen - Connected Sourcing\",\"isPartOf\":{\"@id\":\"https:\\\/\\\/connectedsourcing.com\\\/de\\\/#website\"},\"primaryImageOfPage\":{\"@id\":\"https:\\\/\\\/connectedsourcing.com\\\/de\\\/weiterempfehlungen\\\/#primaryimage\"},\"image\":{\"@id\":\"https:\\\/\\\/connectedsourcing.com\\\/de\\\/weiterempfehlungen\\\/#primaryimage\"},\"thumbnailUrl\":\"https:\\\/\\\/connectedsourcing.com\\\/de\\\/wp-content\\\/uploads\\\/2024\\\/01\\\/map-network-connection.png\",\"datePublished\":\"2024-01-26T05:38:59+00:00\",\"dateModified\":\"2026-03-09T07:51:14+00:00\",\"breadcrumb\":{\"@id\":\"https:\\\/\\\/connectedsourcing.com\\\/de\\\/weiterempfehlungen\\\/#breadcrumb\"},\"inLanguage\":\"en-US\",\"potentialAction\":[{\"@type\":\"ReadAction\",\"target\":[\"https:\\\/\\\/connectedsourcing.com\\\/de\\\/weiterempfehlungen\\\/\"]}]},{\"@type\":\"ImageObject\",\"inLanguage\":\"en-US\",\"@id\":\"https:\\\/\\\/connectedsourcing.com\\\/de\\\/weiterempfehlungen\\\/#primaryimage\",\"url\":\"https:\\\/\\\/connectedsourcing.com\\\/de\\\/wp-content\\\/uploads\\\/2024\\\/01\\\/map-network-connection.png\",\"contentUrl\":\"https:\\\/\\\/connectedsourcing.com\\\/de\\\/wp-content\\\/uploads\\\/2024\\\/01\\\/map-network-connection.png\",\"width\":756,\"height\":464,\"caption\":\"Connecting World Map\"},{\"@type\":\"BreadcrumbList\",\"@id\":\"https:\\\/\\\/connectedsourcing.com\\\/de\\\/weiterempfehlungen\\\/#breadcrumb\",\"itemListElement\":[{\"@type\":\"ListItem\",\"position\":1,\"name\":\"Home\",\"item\":\"https:\\\/\\\/connectedsourcing.com\\\/de\\\/\"},{\"@type\":\"ListItem\",\"position\":2,\"name\":\"Weiterempfehlungen\"}]},{\"@type\":\"WebSite\",\"@id\":\"https:\\\/\\\/connectedsourcing.com\\\/de\\\/#website\",\"url\":\"https:\\\/\\\/connectedsourcing.com\\\/de\\\/\",\"name\":\"Connected Sourcing\",\"description\":\"\",\"publisher\":{\"@id\":\"https:\\\/\\\/connectedsourcing.com\\\/de\\\/#organization\"},\"potentialAction\":[{\"@type\":\"SearchAction\",\"target\":{\"@type\":\"EntryPoint\",\"urlTemplate\":\"https:\\\/\\\/connectedsourcing.com\\\/de\\\/?s={search_term_string}\"},\"query-input\":{\"@type\":\"PropertyValueSpecification\",\"valueRequired\":true,\"valueName\":\"search_term_string\"}}],\"inLanguage\":\"en-US\"},{\"@type\":\"Organization\",\"@id\":\"https:\\\/\\\/connectedsourcing.com\\\/de\\\/#organization\",\"name\":\"Connected Sourcing\",\"url\":\"https:\\\/\\\/connectedsourcing.com\\\/de\\\/\",\"logo\":{\"@type\":\"ImageObject\",\"inLanguage\":\"en-US\",\"@id\":\"https:\\\/\\\/connectedsourcing.com\\\/de\\\/#\\\/schema\\\/logo\\\/image\\\/\",\"url\":\"https:\\\/\\\/connectedsourcing.com\\\/de\\\/wp-content\\\/uploads\\\/2024\\\/01\\\/Connected_Sourcing_logo.webp\",\"contentUrl\":\"https:\\\/\\\/connectedsourcing.com\\\/de\\\/wp-content\\\/uploads\\\/2024\\\/01\\\/Connected_Sourcing_logo.webp\",\"width\":203,\"height\":73,\"caption\":\"Connected Sourcing\"},\"image\":{\"@id\":\"https:\\\/\\\/connectedsourcing.com\\\/de\\\/#\\\/schema\\\/logo\\\/image\\\/\"},\"sameAs\":[\"https:\\\/\\\/www.linkedin.com\\\/company\\\/connectedsourcing\\\/\"]}]}<\/script>\n<!-- \/ Yoast SEO plugin. -->","yoast_head_json":{"title":"Weiterempfehlungen - Connected Sourcing","robots":{"index":"index","follow":"follow","max-snippet":"max-snippet:-1","max-image-preview":"max-image-preview:large","max-video-preview":"max-video-preview:-1"},"canonical":"https:\/\/connectedsourcing.com\/de\/weiterempfehlungen\/","og_locale":"en_US","og_type":"article","og_title":"Weiterempfehlungen - Connected Sourcing","og_description":"Wir sind st\u00e4ndig auf der Suche nach neuen Gesch\u00e4ftschancen und bieten eine Verg\u00fctung f\u00fcr Empfehlungen an. Geben Sie Ihre E-Mail-Adresse ein, um eine Kopie unserer Empfehlungsrichtlinie einzusehen.","og_url":"https:\/\/connectedsourcing.com\/de\/weiterempfehlungen\/","og_site_name":"Connected Sourcing","article_modified_time":"2026-03-09T07:51:14+00:00","og_image":[{"width":756,"height":464,"url":"https:\/\/connectedsourcing.com\/de\/wp-content\/uploads\/2024\/01\/map-network-connection.png","type":"image\/png"}],"twitter_card":"summary_large_image","twitter_misc":{"Est. reading time":"1 minute"},"schema":{"@context":"https:\/\/schema.org","@graph":[{"@type":"WebPage","@id":"https:\/\/connectedsourcing.com\/de\/weiterempfehlungen\/","url":"https:\/\/connectedsourcing.com\/de\/weiterempfehlungen\/","name":"Weiterempfehlungen - Connected Sourcing","isPartOf":{"@id":"https:\/\/connectedsourcing.com\/de\/#website"},"primaryImageOfPage":{"@id":"https:\/\/connectedsourcing.com\/de\/weiterempfehlungen\/#primaryimage"},"image":{"@id":"https:\/\/connectedsourcing.com\/de\/weiterempfehlungen\/#primaryimage"},"thumbnailUrl":"https:\/\/connectedsourcing.com\/de\/wp-content\/uploads\/2024\/01\/map-network-connection.png","datePublished":"2024-01-26T05:38:59+00:00","dateModified":"2026-03-09T07:51:14+00:00","breadcrumb":{"@id":"https:\/\/connectedsourcing.com\/de\/weiterempfehlungen\/#breadcrumb"},"inLanguage":"en-US","potentialAction":[{"@type":"ReadAction","target":["https:\/\/connectedsourcing.com\/de\/weiterempfehlungen\/"]}]},{"@type":"ImageObject","inLanguage":"en-US","@id":"https:\/\/connectedsourcing.com\/de\/weiterempfehlungen\/#primaryimage","url":"https:\/\/connectedsourcing.com\/de\/wp-content\/uploads\/2024\/01\/map-network-connection.png","contentUrl":"https:\/\/connectedsourcing.com\/de\/wp-content\/uploads\/2024\/01\/map-network-connection.png","width":756,"height":464,"caption":"Connecting World Map"},{"@type":"BreadcrumbList","@id":"https:\/\/connectedsourcing.com\/de\/weiterempfehlungen\/#breadcrumb","itemListElement":[{"@type":"ListItem","position":1,"name":"Home","item":"https:\/\/connectedsourcing.com\/de\/"},{"@type":"ListItem","position":2,"name":"Weiterempfehlungen"}]},{"@type":"WebSite","@id":"https:\/\/connectedsourcing.com\/de\/#website","url":"https:\/\/connectedsourcing.com\/de\/","name":"Connected Sourcing","description":"","publisher":{"@id":"https:\/\/connectedsourcing.com\/de\/#organization"},"potentialAction":[{"@type":"SearchAction","target":{"@type":"EntryPoint","urlTemplate":"https:\/\/connectedsourcing.com\/de\/?s={search_term_string}"},"query-input":{"@type":"PropertyValueSpecification","valueRequired":true,"valueName":"search_term_string"}}],"inLanguage":"en-US"},{"@type":"Organization","@id":"https:\/\/connectedsourcing.com\/de\/#organization","name":"Connected Sourcing","url":"https:\/\/connectedsourcing.com\/de\/","logo":{"@type":"ImageObject","inLanguage":"en-US","@id":"https:\/\/connectedsourcing.com\/de\/#\/schema\/logo\/image\/","url":"https:\/\/connectedsourcing.com\/de\/wp-content\/uploads\/2024\/01\/Connected_Sourcing_logo.webp","contentUrl":"https:\/\/connectedsourcing.com\/de\/wp-content\/uploads\/2024\/01\/Connected_Sourcing_logo.webp","width":203,"height":73,"caption":"Connected Sourcing"},"image":{"@id":"https:\/\/connectedsourcing.com\/de\/#\/schema\/logo\/image\/"},"sameAs":["https:\/\/www.linkedin.com\/company\/connectedsourcing\/"]}]}},"_links":{"self":[{"href":"https:\/\/connectedsourcing.com\/de\/wp-json\/wp\/v2\/pages\/305","targetHints":{"allow":["GET"]}}],"collection":[{"href":"https:\/\/connectedsourcing.com\/de\/wp-json\/wp\/v2\/pages"}],"about":[{"href":"https:\/\/connectedsourcing.com\/de\/wp-json\/wp\/v2\/types\/page"}],"author":[{"embeddable":true,"href":"https:\/\/connectedsourcing.com\/de\/wp-json\/wp\/v2\/users\/3"}],"replies":[{"embeddable":true,"href":"https:\/\/connectedsourcing.com\/de\/wp-json\/wp\/v2\/comments?post=305"}],"version-history":[{"count":11,"href":"https:\/\/connectedsourcing.com\/de\/wp-json\/wp\/v2\/pages\/305\/revisions"}],"predecessor-version":[{"id":5448,"href":"https:\/\/connectedsourcing.com\/de\/wp-json\/wp\/v2\/pages\/305\/revisions\/5448"}],"wp:featuredmedia":[{"embeddable":true,"href":"https:\/\/connectedsourcing.com\/de\/wp-json\/wp\/v2\/media\/69"}],"wp:attachment":[{"href":"https:\/\/connectedsourcing.com\/de\/wp-json\/wp\/v2\/media?parent=305"}],"curies":[{"name":"wp","href":"https:\/\/api.w.org\/{rel}","templated":true}]}}