{"id":312,"date":"2024-01-26T05:51:06","date_gmt":"2024-01-26T05:51:06","guid":{"rendered":"https:\/\/rol.rdx.mybluehost.me\/connectedsourcing.com\/de\/?page_id=312"},"modified":"2025-02-03T06:39:55","modified_gmt":"2025-02-03T06:39:55","slug":"faq","status":"publish","type":"page","link":"https:\/\/connectedsourcing.com\/de\/faq\/","title":{"rendered":"FAQ&#8217;s"},"content":{"rendered":"\t\t<div data-elementor-type=\"wp-page\" data-elementor-id=\"312\" class=\"elementor elementor-312\">\n\t\t\t\t<div class=\"elementor-element elementor-element-3e47ab31 e-flex e-con-boxed e-con e-parent\" data-id=\"3e47ab31\" data-element_type=\"container\" data-e-type=\"container\">\n\t\t\t\t\t<div class=\"e-con-inner\">\n\t\t\t\t<div class=\"elementor-element elementor-element-7225e0e9 elementor-widget elementor-widget-qi_addons_for_elementor_accordion\" data-id=\"7225e0e9\" data-element_type=\"widget\" data-e-type=\"widget\" data-widget_type=\"qi_addons_for_elementor_accordion.default\">\n\t\t\t\t<div class=\"elementor-widget-container\">\n\t\t\t\t\t<div class=\"qodef-shortcode qodef-m faq-accordion qodef-qi-accordion qodef-qi-clear qodef-behavior--accordion qodef-layout--simple qodef-style--standard qodef-height--auto\">\n\t<h2 class=\"qodef-e-title-holder\">\n\t<span class=\"qodef-e-title\">Warum sollten Sie uns w\u00e4hlen?<\/span>\n\t<span class=\"qodef-e-mark\">\n\t\t<span class=\"qodef-icon--plus\">\n\t\t\t\t<span class=\"qodef-e-icon\">\n\t\t<svg aria-hidden=\"true\" class=\"e-font-icon-svg e-fas-angle-down\" viewBox=\"0 0 320 512\" xmlns=\"http:\/\/www.w3.org\/2000\/svg\"><path d=\"M143 352.3L7 216.3c-9.4-9.4-9.4-24.6 0-33.9l22.6-22.6c9.4-9.4 24.6-9.4 33.9 0l96.4 96.4 96.4-96.4c9.4-9.4 24.6-9.4 33.9 0l22.6 22.6c9.4 9.4 9.4 24.6 0 33.9l-136 136c-9.2 9.4-24.4 9.4-33.8 0z\"><\/path><\/svg>\t<\/span>\n\t\t\t<\/span>\n\t\t<span class=\"qodef-icon--minus\">\n\t\t\t\t<span class=\"qodef-e-icon\">\n\t\t<svg aria-hidden=\"true\" class=\"e-font-icon-svg e-fas-angle-down\" viewBox=\"0 0 320 512\" xmlns=\"http:\/\/www.w3.org\/2000\/svg\"><path d=\"M143 352.3L7 216.3c-9.4-9.4-9.4-24.6 0-33.9l22.6-22.6c9.4-9.4 24.6-9.4 33.9 0l96.4 96.4 96.4-96.4c9.4-9.4 24.6-9.4 33.9 0l22.6 22.6c9.4 9.4 9.4 24.6 0 33.9l-136 136c-9.2 9.4-24.4 9.4-33.8 0z\"><\/path><\/svg>\t<\/span>\n\t\t\t<\/span>\n\t<\/span>\n<\/h2>\n<div class=\"qodef-e-content\">\n\t<div class=\"qodef-e-content-inner\">\n\t\t<p>Connected Sourcing bringt \u00fcber 20 Jahre Erfahrung in China mit. In dieser Zeit haben wir ein umfangreiches Netzwerk von erstklassigen Herstellern aufgebaut, die sowohl bei der Herstellung von Qualit\u00e4tsprodukten als auch bei der Einhaltung von Zeitpl\u00e4nen zuverl\u00e4ssig sind. Unser Ethos ist es, alle unsere Kunden, egal wie klein sie sind, mit offenen Armen zu empfangen. Wir sind davon \u00fcberzeugt, dass unser Erfolg im Erfolg unserer Kunden liegt, und wir geben bei jedem Projekt unser bestm\u00f6gliches.<\/p>\t<\/div>\n<\/div>\n<h2 class=\"qodef-e-title-holder\">\n\t<span class=\"qodef-e-title\">Wie lang ist die Produktionszeit?<\/span>\n\t<span class=\"qodef-e-mark\">\n\t\t<span class=\"qodef-icon--plus\">\n\t\t\t\t<span class=\"qodef-e-icon\">\n\t\t<svg aria-hidden=\"true\" class=\"e-font-icon-svg e-fas-angle-down\" viewBox=\"0 0 320 512\" xmlns=\"http:\/\/www.w3.org\/2000\/svg\"><path d=\"M143 352.3L7 216.3c-9.4-9.4-9.4-24.6 0-33.9l22.6-22.6c9.4-9.4 24.6-9.4 33.9 0l96.4 96.4 96.4-96.4c9.4-9.4 24.6-9.4 33.9 0l22.6 22.6c9.4 9.4 9.4 24.6 0 33.9l-136 136c-9.2 9.4-24.4 9.4-33.8 0z\"><\/path><\/svg>\t<\/span>\n\t\t\t<\/span>\n\t\t<span class=\"qodef-icon--minus\">\n\t\t\t\t<span class=\"qodef-e-icon\">\n\t\t<svg aria-hidden=\"true\" class=\"e-font-icon-svg e-fas-angle-down\" viewBox=\"0 0 320 512\" xmlns=\"http:\/\/www.w3.org\/2000\/svg\"><path d=\"M143 352.3L7 216.3c-9.4-9.4-9.4-24.6 0-33.9l22.6-22.6c9.4-9.4 24.6-9.4 33.9 0l96.4 96.4 96.4-96.4c9.4-9.4 24.6-9.4 33.9 0l22.6 22.6c9.4 9.4 9.4 24.6 0 33.9l-136 136c-9.2 9.4-24.4 9.4-33.8 0z\"><\/path><\/svg>\t<\/span>\n\t\t\t<\/span>\n\t<\/span>\n<\/h2>\n<div class=\"qodef-e-content\">\n\t<div class=\"qodef-e-content-inner\">\n\t\t<p>Nicht jedes Projekt ist gleich, vor allem wenn Sie ein ma\u00dfgeschneidertes Produkt suchen, das Ihren Anforderungen entspricht. Die meisten professionellen Produktionsbetriebe in China geben 35 bis 45 Tage f\u00fcr die Herstellung an, je nach Auftragsvolumen, Komplexit\u00e4t der Fertigung und Saisonalit\u00e4t. W\u00e4hrend des gesamten Prozesses sorgen wir f\u00fcr die Qualit\u00e4tskontrolle, um sicherzustellen, dass die Waren Ihren Anforderungen entsprechen.<\/p>\t<\/div>\n<\/div>\n<h2 class=\"qodef-e-title-holder\">\n\t<span class=\"qodef-e-title\">Was brauche ich f\u00fcr die Einreise nach China?<\/span>\n\t<span class=\"qodef-e-mark\">\n\t\t<span class=\"qodef-icon--plus\">\n\t\t\t\t<span class=\"qodef-e-icon\">\n\t\t<svg aria-hidden=\"true\" class=\"e-font-icon-svg e-fas-angle-down\" viewBox=\"0 0 320 512\" xmlns=\"http:\/\/www.w3.org\/2000\/svg\"><path d=\"M143 352.3L7 216.3c-9.4-9.4-9.4-24.6 0-33.9l22.6-22.6c9.4-9.4 24.6-9.4 33.9 0l96.4 96.4 96.4-96.4c9.4-9.4 24.6-9.4 33.9 0l22.6 22.6c9.4 9.4 9.4 24.6 0 33.9l-136 136c-9.2 9.4-24.4 9.4-33.8 0z\"><\/path><\/svg>\t<\/span>\n\t\t\t<\/span>\n\t\t<span class=\"qodef-icon--minus\">\n\t\t\t\t<span class=\"qodef-e-icon\">\n\t\t<svg aria-hidden=\"true\" class=\"e-font-icon-svg e-fas-angle-down\" viewBox=\"0 0 320 512\" xmlns=\"http:\/\/www.w3.org\/2000\/svg\"><path d=\"M143 352.3L7 216.3c-9.4-9.4-9.4-24.6 0-33.9l22.6-22.6c9.4-9.4 24.6-9.4 33.9 0l96.4 96.4 96.4-96.4c9.4-9.4 24.6-9.4 33.9 0l22.6 22.6c9.4 9.4 9.4 24.6 0 33.9l-136 136c-9.2 9.4-24.4 9.4-33.8 0z\"><\/path><\/svg>\t<\/span>\n\t\t\t<\/span>\n\t<\/span>\n<\/h2>\n<div class=\"qodef-e-content\">\n\t<div class=\"qodef-e-content-inner\">\n\t\t<p>Die meisten Besucher Chinas ben\u00f6tigen f\u00fcr die Einreise ein Visum in einem g\u00fcltigen Reisepass. Beachten Sie, dass Hongkong und Macau als Sonderverwaltungsregionen gelten und f\u00fcr die Einreise in diese Gebiete von China aus eigenst\u00e4ndige Einreisebestimmungen gelten. Wir raten Ihnen, sich an Ihr \u00f6rtliches chinesisches Konsulat oder Ihre Botschaft zu wenden, um sich \u00fcber die Anforderungen f\u00fcr die Beantragung und Genehmigung eines Visums zu informieren. Wir helfen Ihnen gerne mit Rat und Tat bei diesem Prozess.<\/p>\t<\/div>\n<\/div>\n<h2 class=\"qodef-e-title-holder\">\n\t<span class=\"qodef-e-title\">Was brauchen Sie von mir, um ein Angebot zu erstellen?\t<\/span>\n\t<span class=\"qodef-e-mark\">\n\t\t<span class=\"qodef-icon--plus\">\n\t\t\t\t<span class=\"qodef-e-icon\">\n\t\t<svg aria-hidden=\"true\" class=\"e-font-icon-svg e-fas-angle-down\" viewBox=\"0 0 320 512\" xmlns=\"http:\/\/www.w3.org\/2000\/svg\"><path d=\"M143 352.3L7 216.3c-9.4-9.4-9.4-24.6 0-33.9l22.6-22.6c9.4-9.4 24.6-9.4 33.9 0l96.4 96.4 96.4-96.4c9.4-9.4 24.6-9.4 33.9 0l22.6 22.6c9.4 9.4 9.4 24.6 0 33.9l-136 136c-9.2 9.4-24.4 9.4-33.8 0z\"><\/path><\/svg>\t<\/span>\n\t\t\t<\/span>\n\t\t<span class=\"qodef-icon--minus\">\n\t\t\t\t<span class=\"qodef-e-icon\">\n\t\t<svg aria-hidden=\"true\" class=\"e-font-icon-svg e-fas-angle-down\" viewBox=\"0 0 320 512\" xmlns=\"http:\/\/www.w3.org\/2000\/svg\"><path d=\"M143 352.3L7 216.3c-9.4-9.4-9.4-24.6 0-33.9l22.6-22.6c9.4-9.4 24.6-9.4 33.9 0l96.4 96.4 96.4-96.4c9.4-9.4 24.6-9.4 33.9 0l22.6 22.6c9.4 9.4 9.4 24.6 0 33.9l-136 136c-9.2 9.4-24.4 9.4-33.8 0z\"><\/path><\/svg>\t<\/span>\n\t\t\t<\/span>\n\t<\/span>\n<\/h2>\n<div class=\"qodef-e-content\">\n\t<div class=\"qodef-e-content-inner\">\n\t\t<p>&gt;\u00a0 Wir ben\u00f6tigen von Ihnen so viele Angaben wie m\u00f6glich, damit wir Ihnen ein genaues Angebot machen k\u00f6nnen. Hier sind die wichtigsten Details, nach denen wir normalerweise fragen:<\/p><ol><li>Produktspezifische Angaben, einschlie\u00dflich Abmessungen, Farben und Anforderungen an das Branding. Bilder sind in dieser Phase besonders n\u00fctzlich.<\/li><li>Die Menge der Artikel.<\/li><li>Die gew\u00fcnschten Lieferfristen.<\/li><\/ol>\t<\/div>\n<\/div>\n<h2 class=\"qodef-e-title-holder\">\n\t<span class=\"qodef-e-title\">Wie erhalte ich meine Waren?<\/span>\n\t<span class=\"qodef-e-mark\">\n\t\t<span class=\"qodef-icon--plus\">\n\t\t\t\t<span class=\"qodef-e-icon\">\n\t\t<svg aria-hidden=\"true\" class=\"e-font-icon-svg e-fas-angle-down\" viewBox=\"0 0 320 512\" xmlns=\"http:\/\/www.w3.org\/2000\/svg\"><path d=\"M143 352.3L7 216.3c-9.4-9.4-9.4-24.6 0-33.9l22.6-22.6c9.4-9.4 24.6-9.4 33.9 0l96.4 96.4 96.4-96.4c9.4-9.4 24.6-9.4 33.9 0l22.6 22.6c9.4 9.4 9.4 24.6 0 33.9l-136 136c-9.2 9.4-24.4 9.4-33.8 0z\"><\/path><\/svg>\t<\/span>\n\t\t\t<\/span>\n\t\t<span class=\"qodef-icon--minus\">\n\t\t\t\t<span class=\"qodef-e-icon\">\n\t\t<svg aria-hidden=\"true\" class=\"e-font-icon-svg e-fas-angle-down\" viewBox=\"0 0 320 512\" xmlns=\"http:\/\/www.w3.org\/2000\/svg\"><path d=\"M143 352.3L7 216.3c-9.4-9.4-9.4-24.6 0-33.9l22.6-22.6c9.4-9.4 24.6-9.4 33.9 0l96.4 96.4 96.4-96.4c9.4-9.4 24.6-9.4 33.9 0l22.6 22.6c9.4 9.4 9.4 24.6 0 33.9l-136 136c-9.2 9.4-24.4 9.4-33.8 0z\"><\/path><\/svg>\t<\/span>\n\t\t\t<\/span>\n\t<\/span>\n<\/h2>\n<div class=\"qodef-e-content\">\n\t<div class=\"qodef-e-content-inner\">\n\t\t<p>Wir sind in der Lage, Waren in jeden Teil der Welt zu versenden und k\u00f6nnen Ihnen T\u00fcr-zu-T\u00fcr-Versandm\u00f6glichkeiten f\u00fcr Ihre Produkte anbieten. Wir arbeiten mit einer Reihe vertrauensw\u00fcrdiger globaler Logistikanbieter zusammen und sind in der Lage, logistische L\u00f6sungen entsprechend Ihren Anforderungen anzupassen. Unser besonderes Augenmerk gilt den weltweiten Zollbestimmungen, der entsprechenden Dokumentation und den Zollabgaben. Wir unterbreiten Ihnen gerne Vorschl\u00e4ge f\u00fcr Kosteneinsparungen beim Versand.<\/p>\t<\/div>\n<\/div>\n<\/div>\n\t\t\t\t<\/div>\n\t\t\t\t<\/div>\n\t\t\t\t\t<\/div>\n\t\t\t\t<\/div>\n\t\t\t\t<\/div>\n\t\t","protected":false},"excerpt":{"rendered":"<p>Warum sollten Sie uns w\u00e4hlen? Connected Sourcing bringt \u00fcber 20 Jahre Erfahrung in China mit. In dieser Zeit haben wir ein umfangreiches Netzwerk von erstklassigen Herstellern aufgebaut, die sowohl bei der Herstellung von Qualit\u00e4tsprodukten als auch bei der Einhaltung von Zeitpl\u00e4nen zuverl\u00e4ssig sind. Unser Ethos ist es, alle unsere Kunden, egal wie klein sie sind, [&hellip;]<\/p>\n","protected":false},"author":3,"featured_media":69,"parent":0,"menu_order":0,"comment_status":"closed","ping_status":"closed","template":"","meta":{"nf_dc_page":"","footnotes":""},"class_list":["post-312","page","type-page","status-publish","has-post-thumbnail","hentry"],"yoast_head":"<!-- This site is optimized with the Yoast SEO plugin v27.5 - https:\/\/yoast.com\/product\/yoast-seo-wordpress\/ -->\n<title>FAQ&#039;s - Connected Sourcing<\/title>\n<meta name=\"robots\" content=\"index, follow, max-snippet:-1, max-image-preview:large, max-video-preview:-1\" \/>\n<link rel=\"canonical\" href=\"https:\/\/connectedsourcing.com\/de\/faq\/\" \/>\n<meta property=\"og:locale\" content=\"en_US\" \/>\n<meta property=\"og:type\" content=\"article\" \/>\n<meta property=\"og:title\" content=\"FAQ&#039;s - Connected Sourcing\" \/>\n<meta property=\"og:description\" content=\"Warum sollten Sie uns w\u00e4hlen? Connected Sourcing bringt \u00fcber 20 Jahre Erfahrung in China mit. In dieser Zeit haben wir ein umfangreiches Netzwerk von erstklassigen Herstellern aufgebaut, die sowohl bei der Herstellung von Qualit\u00e4tsprodukten als auch bei der Einhaltung von Zeitpl\u00e4nen zuverl\u00e4ssig sind. Unser Ethos ist es, alle unsere Kunden, egal wie klein sie sind, [&hellip;]\" \/>\n<meta property=\"og:url\" content=\"https:\/\/connectedsourcing.com\/de\/faq\/\" \/>\n<meta property=\"og:site_name\" content=\"Connected Sourcing\" \/>\n<meta property=\"article:modified_time\" content=\"2025-02-03T06:39:55+00:00\" \/>\n<meta property=\"og:image\" content=\"https:\/\/connectedsourcing.com\/de\/wp-content\/uploads\/2024\/01\/map-network-connection.png\" \/>\n\t<meta property=\"og:image:width\" content=\"756\" \/>\n\t<meta property=\"og:image:height\" content=\"464\" \/>\n\t<meta property=\"og:image:type\" content=\"image\/png\" \/>\n<meta name=\"twitter:card\" content=\"summary_large_image\" \/>\n<meta name=\"twitter:label1\" content=\"Est. reading time\" \/>\n\t<meta name=\"twitter:data1\" content=\"2 minutes\" \/>\n<script type=\"application\/ld+json\" class=\"yoast-schema-graph\">{\"@context\":\"https:\\\/\\\/schema.org\",\"@graph\":[{\"@type\":\"WebPage\",\"@id\":\"https:\\\/\\\/connectedsourcing.com\\\/de\\\/faq\\\/\",\"url\":\"https:\\\/\\\/connectedsourcing.com\\\/de\\\/faq\\\/\",\"name\":\"FAQ's - Connected Sourcing\",\"isPartOf\":{\"@id\":\"https:\\\/\\\/connectedsourcing.com\\\/de\\\/#website\"},\"primaryImageOfPage\":{\"@id\":\"https:\\\/\\\/connectedsourcing.com\\\/de\\\/faq\\\/#primaryimage\"},\"image\":{\"@id\":\"https:\\\/\\\/connectedsourcing.com\\\/de\\\/faq\\\/#primaryimage\"},\"thumbnailUrl\":\"https:\\\/\\\/connectedsourcing.com\\\/de\\\/wp-content\\\/uploads\\\/2024\\\/01\\\/map-network-connection.png\",\"datePublished\":\"2024-01-26T05:51:06+00:00\",\"dateModified\":\"2025-02-03T06:39:55+00:00\",\"breadcrumb\":{\"@id\":\"https:\\\/\\\/connectedsourcing.com\\\/de\\\/faq\\\/#breadcrumb\"},\"inLanguage\":\"en-US\",\"potentialAction\":[{\"@type\":\"ReadAction\",\"target\":[\"https:\\\/\\\/connectedsourcing.com\\\/de\\\/faq\\\/\"]}]},{\"@type\":\"ImageObject\",\"inLanguage\":\"en-US\",\"@id\":\"https:\\\/\\\/connectedsourcing.com\\\/de\\\/faq\\\/#primaryimage\",\"url\":\"https:\\\/\\\/connectedsourcing.com\\\/de\\\/wp-content\\\/uploads\\\/2024\\\/01\\\/map-network-connection.png\",\"contentUrl\":\"https:\\\/\\\/connectedsourcing.com\\\/de\\\/wp-content\\\/uploads\\\/2024\\\/01\\\/map-network-connection.png\",\"width\":756,\"height\":464,\"caption\":\"Connecting World Map\"},{\"@type\":\"BreadcrumbList\",\"@id\":\"https:\\\/\\\/connectedsourcing.com\\\/de\\\/faq\\\/#breadcrumb\",\"itemListElement\":[{\"@type\":\"ListItem\",\"position\":1,\"name\":\"Home\",\"item\":\"https:\\\/\\\/connectedsourcing.com\\\/de\\\/\"},{\"@type\":\"ListItem\",\"position\":2,\"name\":\"FAQ&#8217;s\"}]},{\"@type\":\"WebSite\",\"@id\":\"https:\\\/\\\/connectedsourcing.com\\\/de\\\/#website\",\"url\":\"https:\\\/\\\/connectedsourcing.com\\\/de\\\/\",\"name\":\"Connected Sourcing\",\"description\":\"\",\"publisher\":{\"@id\":\"https:\\\/\\\/connectedsourcing.com\\\/de\\\/#organization\"},\"potentialAction\":[{\"@type\":\"SearchAction\",\"target\":{\"@type\":\"EntryPoint\",\"urlTemplate\":\"https:\\\/\\\/connectedsourcing.com\\\/de\\\/?s={search_term_string}\"},\"query-input\":{\"@type\":\"PropertyValueSpecification\",\"valueRequired\":true,\"valueName\":\"search_term_string\"}}],\"inLanguage\":\"en-US\"},{\"@type\":\"Organization\",\"@id\":\"https:\\\/\\\/connectedsourcing.com\\\/de\\\/#organization\",\"name\":\"Connected Sourcing\",\"url\":\"https:\\\/\\\/connectedsourcing.com\\\/de\\\/\",\"logo\":{\"@type\":\"ImageObject\",\"inLanguage\":\"en-US\",\"@id\":\"https:\\\/\\\/connectedsourcing.com\\\/de\\\/#\\\/schema\\\/logo\\\/image\\\/\",\"url\":\"https:\\\/\\\/connectedsourcing.com\\\/de\\\/wp-content\\\/uploads\\\/2024\\\/01\\\/Connected_Sourcing_logo.webp\",\"contentUrl\":\"https:\\\/\\\/connectedsourcing.com\\\/de\\\/wp-content\\\/uploads\\\/2024\\\/01\\\/Connected_Sourcing_logo.webp\",\"width\":203,\"height\":73,\"caption\":\"Connected Sourcing\"},\"image\":{\"@id\":\"https:\\\/\\\/connectedsourcing.com\\\/de\\\/#\\\/schema\\\/logo\\\/image\\\/\"},\"sameAs\":[\"https:\\\/\\\/www.linkedin.com\\\/company\\\/connectedsourcing\\\/\"]}]}<\/script>\n<!-- \/ Yoast SEO plugin. -->","yoast_head_json":{"title":"FAQ's - Connected Sourcing","robots":{"index":"index","follow":"follow","max-snippet":"max-snippet:-1","max-image-preview":"max-image-preview:large","max-video-preview":"max-video-preview:-1"},"canonical":"https:\/\/connectedsourcing.com\/de\/faq\/","og_locale":"en_US","og_type":"article","og_title":"FAQ's - Connected Sourcing","og_description":"Warum sollten Sie uns w\u00e4hlen? Connected Sourcing bringt \u00fcber 20 Jahre Erfahrung in China mit. In dieser Zeit haben wir ein umfangreiches Netzwerk von erstklassigen Herstellern aufgebaut, die sowohl bei der Herstellung von Qualit\u00e4tsprodukten als auch bei der Einhaltung von Zeitpl\u00e4nen zuverl\u00e4ssig sind. Unser Ethos ist es, alle unsere Kunden, egal wie klein sie sind, [&hellip;]","og_url":"https:\/\/connectedsourcing.com\/de\/faq\/","og_site_name":"Connected Sourcing","article_modified_time":"2025-02-03T06:39:55+00:00","og_image":[{"width":756,"height":464,"url":"https:\/\/connectedsourcing.com\/de\/wp-content\/uploads\/2024\/01\/map-network-connection.png","type":"image\/png"}],"twitter_card":"summary_large_image","twitter_misc":{"Est. reading time":"2 minutes"},"schema":{"@context":"https:\/\/schema.org","@graph":[{"@type":"WebPage","@id":"https:\/\/connectedsourcing.com\/de\/faq\/","url":"https:\/\/connectedsourcing.com\/de\/faq\/","name":"FAQ's - Connected Sourcing","isPartOf":{"@id":"https:\/\/connectedsourcing.com\/de\/#website"},"primaryImageOfPage":{"@id":"https:\/\/connectedsourcing.com\/de\/faq\/#primaryimage"},"image":{"@id":"https:\/\/connectedsourcing.com\/de\/faq\/#primaryimage"},"thumbnailUrl":"https:\/\/connectedsourcing.com\/de\/wp-content\/uploads\/2024\/01\/map-network-connection.png","datePublished":"2024-01-26T05:51:06+00:00","dateModified":"2025-02-03T06:39:55+00:00","breadcrumb":{"@id":"https:\/\/connectedsourcing.com\/de\/faq\/#breadcrumb"},"inLanguage":"en-US","potentialAction":[{"@type":"ReadAction","target":["https:\/\/connectedsourcing.com\/de\/faq\/"]}]},{"@type":"ImageObject","inLanguage":"en-US","@id":"https:\/\/connectedsourcing.com\/de\/faq\/#primaryimage","url":"https:\/\/connectedsourcing.com\/de\/wp-content\/uploads\/2024\/01\/map-network-connection.png","contentUrl":"https:\/\/connectedsourcing.com\/de\/wp-content\/uploads\/2024\/01\/map-network-connection.png","width":756,"height":464,"caption":"Connecting World Map"},{"@type":"BreadcrumbList","@id":"https:\/\/connectedsourcing.com\/de\/faq\/#breadcrumb","itemListElement":[{"@type":"ListItem","position":1,"name":"Home","item":"https:\/\/connectedsourcing.com\/de\/"},{"@type":"ListItem","position":2,"name":"FAQ&#8217;s"}]},{"@type":"WebSite","@id":"https:\/\/connectedsourcing.com\/de\/#website","url":"https:\/\/connectedsourcing.com\/de\/","name":"Connected Sourcing","description":"","publisher":{"@id":"https:\/\/connectedsourcing.com\/de\/#organization"},"potentialAction":[{"@type":"SearchAction","target":{"@type":"EntryPoint","urlTemplate":"https:\/\/connectedsourcing.com\/de\/?s={search_term_string}"},"query-input":{"@type":"PropertyValueSpecification","valueRequired":true,"valueName":"search_term_string"}}],"inLanguage":"en-US"},{"@type":"Organization","@id":"https:\/\/connectedsourcing.com\/de\/#organization","name":"Connected Sourcing","url":"https:\/\/connectedsourcing.com\/de\/","logo":{"@type":"ImageObject","inLanguage":"en-US","@id":"https:\/\/connectedsourcing.com\/de\/#\/schema\/logo\/image\/","url":"https:\/\/connectedsourcing.com\/de\/wp-content\/uploads\/2024\/01\/Connected_Sourcing_logo.webp","contentUrl":"https:\/\/connectedsourcing.com\/de\/wp-content\/uploads\/2024\/01\/Connected_Sourcing_logo.webp","width":203,"height":73,"caption":"Connected Sourcing"},"image":{"@id":"https:\/\/connectedsourcing.com\/de\/#\/schema\/logo\/image\/"},"sameAs":["https:\/\/www.linkedin.com\/company\/connectedsourcing\/"]}]}},"_links":{"self":[{"href":"https:\/\/connectedsourcing.com\/de\/wp-json\/wp\/v2\/pages\/312","targetHints":{"allow":["GET"]}}],"collection":[{"href":"https:\/\/connectedsourcing.com\/de\/wp-json\/wp\/v2\/pages"}],"about":[{"href":"https:\/\/connectedsourcing.com\/de\/wp-json\/wp\/v2\/types\/page"}],"author":[{"embeddable":true,"href":"https:\/\/connectedsourcing.com\/de\/wp-json\/wp\/v2\/users\/3"}],"replies":[{"embeddable":true,"href":"https:\/\/connectedsourcing.com\/de\/wp-json\/wp\/v2\/comments?post=312"}],"version-history":[{"count":6,"href":"https:\/\/connectedsourcing.com\/de\/wp-json\/wp\/v2\/pages\/312\/revisions"}],"predecessor-version":[{"id":5115,"href":"https:\/\/connectedsourcing.com\/de\/wp-json\/wp\/v2\/pages\/312\/revisions\/5115"}],"wp:featuredmedia":[{"embeddable":true,"href":"https:\/\/connectedsourcing.com\/de\/wp-json\/wp\/v2\/media\/69"}],"wp:attachment":[{"href":"https:\/\/connectedsourcing.com\/de\/wp-json\/wp\/v2\/media?parent=312"}],"curies":[{"name":"wp","href":"https:\/\/api.w.org\/{rel}","templated":true}]}}