{"id":374,"date":"2024-01-26T06:08:20","date_gmt":"2024-01-26T06:08:20","guid":{"rendered":"https:\/\/rol.rdx.mybluehost.me\/connectedsourcing.com\/de\/?page_id=374"},"modified":"2025-02-03T06:25:49","modified_gmt":"2025-02-03T06:25:49","slug":"erneuerbare-energien","status":"publish","type":"page","link":"https:\/\/connectedsourcing.com\/de\/erneuerbare-energien\/","title":{"rendered":"Erneuerbare Energien"},"content":{"rendered":"\t\t<div data-elementor-type=\"wp-page\" data-elementor-id=\"374\" class=\"elementor elementor-374\">\n\t\t\t\t<div class=\"elementor-element elementor-element-20752c00 e-flex e-con-boxed e-con e-parent\" data-id=\"20752c00\" data-element_type=\"container\" data-e-type=\"container\">\n\t\t\t\t\t<div class=\"e-con-inner\">\n\t\t\t\t<div class=\"elementor-element elementor-element-2b4179c6 elementor-widget elementor-widget-text-editor\" data-id=\"2b4179c6\" data-element_type=\"widget\" data-e-type=\"widget\" data-widget_type=\"text-editor.default\">\n\t\t\t\t<div class=\"elementor-widget-container\">\n\t\t\t\t\t\t\t\t\tBei Connected Sourcing haben wir uns verpflichtet, unseren Kunden nachhaltige Energiel\u00f6sungen anzubieten. Wir sind davon \u00fcberzeugt, dass Investitionen in erneuerbare Energien nicht nur gut f\u00fcr die Umwelt sind, sondern auch eine kluge finanzielle Entscheidung darstellen. Durch die Umstellung auf erneuerbare Energien k\u00f6nnen Sie Ihre Stromrechnungen senken, Ihren CO2-Fu\u00dfabdruck minimieren und Energieunabh\u00e4ngigkeit gewinnen.\t\t\t\t\t\t\t\t<\/div>\n\t\t\t\t<\/div>\n\t\t\t\t<div class=\"elementor-element elementor-element-5dd01f98 elementor-widget elementor-widget-text-editor\" data-id=\"5dd01f98\" data-element_type=\"widget\" data-e-type=\"widget\" data-widget_type=\"text-editor.default\">\n\t\t\t\t<div class=\"elementor-widget-container\">\n\t\t\t\t\t\t\t\t\tWir unterst\u00fctzen Unternehmen bei der Suche nach den besten L\u00f6sungen f\u00fcr ihre Bed\u00fcrfnisse: von Tier 1-Solarmodulen bis hin zu Mietkraftwerken f\u00fcr Mobiltelefone. Wir k\u00fcmmern uns um das Sourcing von Lieferanten, Preisverhandlungen, Zahlungen und den administrativen Aufwand f\u00fcr Ihre Bestellungen. Unser Team besucht laufend Fabriken, baut Beziehungen auf, verhandelt niedrigere Preise und organisiert den Versand an H\u00e4ndler in aller Welt.\t\t\t\t\t\t\t\t<\/div>\n\t\t\t\t<\/div>\n\t\t<div class=\"elementor-element elementor-element-3de1f16a e-flex e-con-boxed e-con e-child\" data-id=\"3de1f16a\" data-element_type=\"container\" data-e-type=\"container\">\n\t\t\t\t\t<div class=\"e-con-inner\">\n\t\t<div class=\"elementor-element elementor-element-28c82ac9 e-flex e-con-boxed e-con e-child\" data-id=\"28c82ac9\" data-element_type=\"container\" data-e-type=\"container\">\n\t\t\t\t\t<div class=\"e-con-inner\">\n\t\t\t\t<div class=\"elementor-element elementor-element-43785cd8 elementor-icon-list--layout-traditional elementor-list-item-link-full_width elementor-widget elementor-widget-icon-list\" data-id=\"43785cd8\" data-element_type=\"widget\" data-e-type=\"widget\" data-widget_type=\"icon-list.default\">\n\t\t\t\t<div class=\"elementor-widget-container\">\n\t\t\t\t\t\t\t<ul class=\"elementor-icon-list-items\">\n\t\t\t\t\t\t\t<li class=\"elementor-icon-list-item\">\n\t\t\t\t\t\t\t\t\t\t\t<span class=\"elementor-icon-list-icon\">\n\t\t\t\t\t\t\t<svg aria-hidden=\"true\" class=\"e-font-icon-svg e-fas-plus\" viewBox=\"0 0 448 512\" xmlns=\"http:\/\/www.w3.org\/2000\/svg\"><path d=\"M416 208H272V64c0-17.67-14.33-32-32-32h-32c-17.67 0-32 14.33-32 32v144H32c-17.67 0-32 14.33-32 32v32c0 17.67 14.33 32 32 32h144v144c0 17.67 14.33 32 32 32h32c17.67 0 32-14.33 32-32V304h144c17.67 0 32-14.33 32-32v-32c0-17.67-14.33-32-32-32z\"><\/path><\/svg>\t\t\t\t\t\t<\/span>\n\t\t\t\t\t\t\t\t\t\t<span class=\"elementor-icon-list-text\"><b>Solar Panele:<\/b> Erzeugen Sie saubere Energie, senken Sie Ihre Stromrechnung und Ihren CO2-Fu\u00dfabdruck, steigern Sie den Wert Ihrer Immobilie und sorgen Sie f\u00fcr Energieunabh\u00e4ngigkeit.<\/span>\n\t\t\t\t\t\t\t\t\t<\/li>\n\t\t\t\t\t\t\t\t<li class=\"elementor-icon-list-item\">\n\t\t\t\t\t\t\t\t\t\t\t<span class=\"elementor-icon-list-icon\">\n\t\t\t\t\t\t\t<svg aria-hidden=\"true\" class=\"e-font-icon-svg e-fas-plus\" viewBox=\"0 0 448 512\" xmlns=\"http:\/\/www.w3.org\/2000\/svg\"><path d=\"M416 208H272V64c0-17.67-14.33-32-32-32h-32c-17.67 0-32 14.33-32 32v144H32c-17.67 0-32 14.33-32 32v32c0 17.67 14.33 32 32 32h144v144c0 17.67 14.33 32 32 32h32c17.67 0 32-14.33 32-32V304h144c17.67 0 32-14.33 32-32v-32c0-17.67-14.33-32-32-32z\"><\/path><\/svg>\t\t\t\t\t\t<\/span>\n\t\t\t\t\t\t\t\t\t\t<span class=\"elementor-icon-list-text\"><b>Wechselrichter:<\/b> Sie wandeln Sonnenenergie in nutzbaren Strom um, maximieren die Energieeffizienz und verl\u00e4ngern die Lebensdauer von Solarmodulen.<\/span>\n\t\t\t\t\t\t\t\t\t<\/li>\n\t\t\t\t\t\t\t\t<li class=\"elementor-icon-list-item\">\n\t\t\t\t\t\t\t\t\t\t\t<span class=\"elementor-icon-list-icon\">\n\t\t\t\t\t\t\t<svg aria-hidden=\"true\" class=\"e-font-icon-svg e-fas-plus\" viewBox=\"0 0 448 512\" xmlns=\"http:\/\/www.w3.org\/2000\/svg\"><path d=\"M416 208H272V64c0-17.67-14.33-32-32-32h-32c-17.67 0-32 14.33-32 32v144H32c-17.67 0-32 14.33-32 32v32c0 17.67 14.33 32 32 32h144v144c0 17.67 14.33 32 32 32h32c17.67 0 32-14.33 32-32V304h144c17.67 0 32-14.33 32-32v-32c0-17.67-14.33-32-32-32z\"><\/path><\/svg>\t\t\t\t\t\t<\/span>\n\t\t\t\t\t\t\t\t\t\t<span class=\"elementor-icon-list-text\"><b>Batterien:<\/b> Sie speichern \u00fcbersch\u00fcssige Solarenergie f\u00fcr den sp\u00e4teren Gebrauch, bieten eine Notstromversorgung bei Stromausf\u00e4llen, verringern die Abh\u00e4ngigkeit vom Stromnetz und erh\u00f6hen die Energieunabh\u00e4ngigkeit.<\/span>\n\t\t\t\t\t\t\t\t\t<\/li>\n\t\t\t\t\t\t\t\t<li class=\"elementor-icon-list-item\">\n\t\t\t\t\t\t\t\t\t\t\t<span class=\"elementor-icon-list-icon\">\n\t\t\t\t\t\t\t<svg aria-hidden=\"true\" class=\"e-font-icon-svg e-fas-plus\" viewBox=\"0 0 448 512\" xmlns=\"http:\/\/www.w3.org\/2000\/svg\"><path d=\"M416 208H272V64c0-17.67-14.33-32-32-32h-32c-17.67 0-32 14.33-32 32v144H32c-17.67 0-32 14.33-32 32v32c0 17.67 14.33 32 32 32h144v144c0 17.67 14.33 32 32 32h32c17.67 0 32-14.33 32-32V304h144c17.67 0 32-14.33 32-32v-32c0-17.67-14.33-32-32-32z\"><\/path><\/svg>\t\t\t\t\t\t<\/span>\n\t\t\t\t\t\t\t\t\t\t<span class=\"elementor-icon-list-text\"><b>Intelligente Heimsysteme:<\/b> \u00dcberwachen und steuern Sie den Energieverbrauch, optimieren Sie die Energieeffizienz, bieten Sie Fernzugriff, erh\u00f6hen Sie die Sicherheit im Haus und verbessern Sie Komfort und Bequemlichkeit.<\/span>\n\t\t\t\t\t\t\t\t\t<\/li>\n\t\t\t\t\t\t<\/ul>\n\t\t\t\t\t\t<\/div>\n\t\t\t\t<\/div>\n\t\t\t\t\t<\/div>\n\t\t\t\t<\/div>\n\t\t<div class=\"elementor-element elementor-element-67145f5 e-flex e-con-boxed e-con e-child\" data-id=\"67145f5\" data-element_type=\"container\" data-e-type=\"container\">\n\t\t\t\t\t<div class=\"e-con-inner\">\n\t\t\t\t<div class=\"elementor-element elementor-element-54b526f2 elementor-icon-list--layout-traditional elementor-list-item-link-full_width elementor-widget elementor-widget-icon-list\" data-id=\"54b526f2\" data-element_type=\"widget\" data-e-type=\"widget\" data-widget_type=\"icon-list.default\">\n\t\t\t\t<div class=\"elementor-widget-container\">\n\t\t\t\t\t\t\t<ul class=\"elementor-icon-list-items\">\n\t\t\t\t\t\t\t<li class=\"elementor-icon-list-item\">\n\t\t\t\t\t\t\t\t\t\t\t<span class=\"elementor-icon-list-icon\">\n\t\t\t\t\t\t\t<svg aria-hidden=\"true\" class=\"e-font-icon-svg e-fas-plus\" viewBox=\"0 0 448 512\" xmlns=\"http:\/\/www.w3.org\/2000\/svg\"><path d=\"M416 208H272V64c0-17.67-14.33-32-32-32h-32c-17.67 0-32 14.33-32 32v144H32c-17.67 0-32 14.33-32 32v32c0 17.67 14.33 32 32 32h144v144c0 17.67 14.33 32 32 32h32c17.67 0 32-14.33 32-32V304h144c17.67 0 32-14.33 32-32v-32c0-17.67-14.33-32-32-32z\"><\/path><\/svg>\t\t\t\t\t\t<\/span>\n\t\t\t\t\t\t\t\t\t\t<span class=\"elementor-icon-list-text\"><b>EV-Ladeger\u00e4te:<\/b> Laden Sie Elektrofahrzeuge zu Hause oder im Unternehmen auf, senken Sie die Transportkosten, f\u00f6rdern Sie die Nachhaltigkeit und gewinnen Sie umweltbewusste Kunden.<\/span>\n\t\t\t\t\t\t\t\t\t<\/li>\n\t\t\t\t\t\t\t\t<li class=\"elementor-icon-list-item\">\n\t\t\t\t\t\t\t\t\t\t\t<span class=\"elementor-icon-list-icon\">\n\t\t\t\t\t\t\t<svg aria-hidden=\"true\" class=\"e-font-icon-svg e-fas-plus\" viewBox=\"0 0 448 512\" xmlns=\"http:\/\/www.w3.org\/2000\/svg\"><path d=\"M416 208H272V64c0-17.67-14.33-32-32-32h-32c-17.67 0-32 14.33-32 32v144H32c-17.67 0-32 14.33-32 32v32c0 17.67 14.33 32 32 32h144v144c0 17.67 14.33 32 32 32h32c17.67 0 32-14.33 32-32V304h144c17.67 0 32-14.33 32-32v-32c0-17.67-14.33-32-32-32z\"><\/path><\/svg>\t\t\t\t\t\t<\/span>\n\t\t\t\t\t\t\t\t\t\t<span class=\"elementor-icon-list-text\"><b>W\u00e4rmepumpen:<\/b> Effizientes Heizen und K\u00fchlen von Geb\u00e4uden, Senkung der Energiekosten, Verringerung des Kohlendioxidaussto\u00dfes und Verbesserung der Raumluftqualit\u00e4t.<\/span>\n\t\t\t\t\t\t\t\t\t<\/li>\n\t\t\t\t\t\t\t\t<li class=\"elementor-icon-list-item\">\n\t\t\t\t\t\t\t\t\t\t\t<span class=\"elementor-icon-list-icon\">\n\t\t\t\t\t\t\t<svg aria-hidden=\"true\" class=\"e-font-icon-svg e-fas-plus\" viewBox=\"0 0 448 512\" xmlns=\"http:\/\/www.w3.org\/2000\/svg\"><path d=\"M416 208H272V64c0-17.67-14.33-32-32-32h-32c-17.67 0-32 14.33-32 32v144H32c-17.67 0-32 14.33-32 32v32c0 17.67 14.33 32 32 32h144v144c0 17.67 14.33 32 32 32h32c17.67 0 32-14.33 32-32V304h144c17.67 0 32-14.33 32-32v-32c0-17.67-14.33-32-32-32z\"><\/path><\/svg>\t\t\t\t\t\t<\/span>\n\t\t\t\t\t\t\t\t\t\t<span class=\"elementor-icon-list-text\"><b>Montagelinien:<\/b> Halb- oder vollautomatische Produktionslinien, Lagereinrichtungen und Rohstoffe.<\/span>\n\t\t\t\t\t\t\t\t\t<\/li>\n\t\t\t\t\t\t<\/ul>\n\t\t\t\t\t\t<\/div>\n\t\t\t\t<\/div>\n\t\t\t\t\t<\/div>\n\t\t\t\t<\/div>\n\t\t\t\t\t<\/div>\n\t\t\t\t<\/div>\n\t\t\t\t<div class=\"elementor-element elementor-element-1778a3a9 elementor-widget elementor-widget-text-editor\" data-id=\"1778a3a9\" data-element_type=\"widget\" data-e-type=\"widget\" data-widget_type=\"text-editor.default\">\n\t\t\t\t<div class=\"elementor-widget-container\">\n\t\t\t\t\t\t\t\t\tWir bei Connected Sourcing glauben, dass die Investition in erneuerbare Energiequellen der Schl\u00fcssel zu einer nachhaltigeren Zukunft ist. Produkte aus erneuerbaren Energien tragen dazu bei, den Kohlenstoffverbrauch zu reduzieren, die Energierechnungen zu senken und Energieunabh\u00e4ngigkeit zu erlangen.\t\t\t\t\t\t\t\t<\/div>\n\t\t\t\t<\/div>\n\t\t\t\t<div class=\"elementor-element elementor-element-321bcf1f elementor-widget elementor-widget-text-editor\" data-id=\"321bcf1f\" data-element_type=\"widget\" data-e-type=\"widget\" data-widget_type=\"text-editor.default\">\n\t\t\t\t<div class=\"elementor-widget-container\">\n\t\t\t\t\t\t\t\t\t<p><a href=\"\/de\/contact-us\/\">Kontaktieren Sie uns<\/a> noch heute, um mehr \u00fcber unsere Produkte zu erfahren und dar\u00fcber, wie wir Sie beim Umstieg auf erneuerbare Energien unterst\u00fctzen k\u00f6nnen.<\/p>\t\t\t\t\t\t\t\t<\/div>\n\t\t\t\t<\/div>\n\t\t\t\t\t<\/div>\n\t\t\t\t<\/div>\n\t\t\t\t<\/div>\n\t\t","protected":false},"excerpt":{"rendered":"<p>Bei Connected Sourcing haben wir uns verpflichtet, unseren Kunden nachhaltige Energiel\u00f6sungen anzubieten. Wir sind davon \u00fcberzeugt, dass Investitionen in erneuerbare Energien nicht nur gut f\u00fcr die Umwelt sind, sondern auch eine kluge finanzielle Entscheidung darstellen. Durch die Umstellung auf erneuerbare Energien k\u00f6nnen Sie Ihre Stromrechnungen senken, Ihren CO2-Fu\u00dfabdruck minimieren und Energieunabh\u00e4ngigkeit gewinnen.Wir unterst\u00fctzen Unternehmen bei [&hellip;]<\/p>\n","protected":false},"author":3,"featured_media":69,"parent":0,"menu_order":0,"comment_status":"closed","ping_status":"closed","template":"","meta":{"nf_dc_page":"","footnotes":""},"class_list":["post-374","page","type-page","status-publish","has-post-thumbnail","hentry"],"yoast_head":"<!-- This site is optimized with the Yoast SEO plugin v27.4 - https:\/\/yoast.com\/product\/yoast-seo-wordpress\/ -->\n<title>Erneuerbare Energien - Connected Sourcing<\/title>\n<meta name=\"robots\" content=\"index, follow, max-snippet:-1, max-image-preview:large, max-video-preview:-1\" \/>\n<link rel=\"canonical\" href=\"https:\/\/connectedsourcing.com\/de\/erneuerbare-energien\/\" \/>\n<meta property=\"og:locale\" content=\"en_US\" \/>\n<meta property=\"og:type\" content=\"article\" \/>\n<meta property=\"og:title\" content=\"Erneuerbare Energien - Connected Sourcing\" \/>\n<meta property=\"og:description\" content=\"Bei Connected Sourcing haben wir uns verpflichtet, unseren Kunden nachhaltige Energiel\u00f6sungen anzubieten. Wir sind davon \u00fcberzeugt, dass Investitionen in erneuerbare Energien nicht nur gut f\u00fcr die Umwelt sind, sondern auch eine kluge finanzielle Entscheidung darstellen. Durch die Umstellung auf erneuerbare Energien k\u00f6nnen Sie Ihre Stromrechnungen senken, Ihren CO2-Fu\u00dfabdruck minimieren und Energieunabh\u00e4ngigkeit gewinnen.Wir unterst\u00fctzen Unternehmen bei [&hellip;]\" \/>\n<meta property=\"og:url\" content=\"https:\/\/connectedsourcing.com\/de\/erneuerbare-energien\/\" \/>\n<meta property=\"og:site_name\" content=\"Connected Sourcing\" \/>\n<meta property=\"article:modified_time\" content=\"2025-02-03T06:25:49+00:00\" \/>\n<meta property=\"og:image\" content=\"https:\/\/connectedsourcing.com\/de\/wp-content\/uploads\/2024\/01\/map-network-connection.png\" \/>\n\t<meta property=\"og:image:width\" content=\"756\" \/>\n\t<meta property=\"og:image:height\" content=\"464\" \/>\n\t<meta property=\"og:image:type\" content=\"image\/png\" \/>\n<meta name=\"twitter:card\" content=\"summary_large_image\" \/>\n<meta name=\"twitter:label1\" content=\"Est. reading time\" \/>\n\t<meta name=\"twitter:data1\" content=\"2 minutes\" \/>\n<script type=\"application\/ld+json\" class=\"yoast-schema-graph\">{\"@context\":\"https:\\\/\\\/schema.org\",\"@graph\":[{\"@type\":\"WebPage\",\"@id\":\"https:\\\/\\\/connectedsourcing.com\\\/de\\\/erneuerbare-energien\\\/\",\"url\":\"https:\\\/\\\/connectedsourcing.com\\\/de\\\/erneuerbare-energien\\\/\",\"name\":\"Erneuerbare Energien - Connected Sourcing\",\"isPartOf\":{\"@id\":\"https:\\\/\\\/connectedsourcing.com\\\/de\\\/#website\"},\"primaryImageOfPage\":{\"@id\":\"https:\\\/\\\/connectedsourcing.com\\\/de\\\/erneuerbare-energien\\\/#primaryimage\"},\"image\":{\"@id\":\"https:\\\/\\\/connectedsourcing.com\\\/de\\\/erneuerbare-energien\\\/#primaryimage\"},\"thumbnailUrl\":\"https:\\\/\\\/connectedsourcing.com\\\/de\\\/wp-content\\\/uploads\\\/2024\\\/01\\\/map-network-connection.png\",\"datePublished\":\"2024-01-26T06:08:20+00:00\",\"dateModified\":\"2025-02-03T06:25:49+00:00\",\"breadcrumb\":{\"@id\":\"https:\\\/\\\/connectedsourcing.com\\\/de\\\/erneuerbare-energien\\\/#breadcrumb\"},\"inLanguage\":\"en-US\",\"potentialAction\":[{\"@type\":\"ReadAction\",\"target\":[\"https:\\\/\\\/connectedsourcing.com\\\/de\\\/erneuerbare-energien\\\/\"]}]},{\"@type\":\"ImageObject\",\"inLanguage\":\"en-US\",\"@id\":\"https:\\\/\\\/connectedsourcing.com\\\/de\\\/erneuerbare-energien\\\/#primaryimage\",\"url\":\"https:\\\/\\\/connectedsourcing.com\\\/de\\\/wp-content\\\/uploads\\\/2024\\\/01\\\/map-network-connection.png\",\"contentUrl\":\"https:\\\/\\\/connectedsourcing.com\\\/de\\\/wp-content\\\/uploads\\\/2024\\\/01\\\/map-network-connection.png\",\"width\":756,\"height\":464,\"caption\":\"Connecting World Map\"},{\"@type\":\"BreadcrumbList\",\"@id\":\"https:\\\/\\\/connectedsourcing.com\\\/de\\\/erneuerbare-energien\\\/#breadcrumb\",\"itemListElement\":[{\"@type\":\"ListItem\",\"position\":1,\"name\":\"Home\",\"item\":\"https:\\\/\\\/connectedsourcing.com\\\/de\\\/\"},{\"@type\":\"ListItem\",\"position\":2,\"name\":\"Erneuerbare Energien\"}]},{\"@type\":\"WebSite\",\"@id\":\"https:\\\/\\\/connectedsourcing.com\\\/de\\\/#website\",\"url\":\"https:\\\/\\\/connectedsourcing.com\\\/de\\\/\",\"name\":\"Connected Sourcing\",\"description\":\"\",\"publisher\":{\"@id\":\"https:\\\/\\\/connectedsourcing.com\\\/de\\\/#organization\"},\"potentialAction\":[{\"@type\":\"SearchAction\",\"target\":{\"@type\":\"EntryPoint\",\"urlTemplate\":\"https:\\\/\\\/connectedsourcing.com\\\/de\\\/?s={search_term_string}\"},\"query-input\":{\"@type\":\"PropertyValueSpecification\",\"valueRequired\":true,\"valueName\":\"search_term_string\"}}],\"inLanguage\":\"en-US\"},{\"@type\":\"Organization\",\"@id\":\"https:\\\/\\\/connectedsourcing.com\\\/de\\\/#organization\",\"name\":\"Connected Sourcing\",\"url\":\"https:\\\/\\\/connectedsourcing.com\\\/de\\\/\",\"logo\":{\"@type\":\"ImageObject\",\"inLanguage\":\"en-US\",\"@id\":\"https:\\\/\\\/connectedsourcing.com\\\/de\\\/#\\\/schema\\\/logo\\\/image\\\/\",\"url\":\"https:\\\/\\\/connectedsourcing.com\\\/de\\\/wp-content\\\/uploads\\\/2024\\\/01\\\/Connected_Sourcing_logo.webp\",\"contentUrl\":\"https:\\\/\\\/connectedsourcing.com\\\/de\\\/wp-content\\\/uploads\\\/2024\\\/01\\\/Connected_Sourcing_logo.webp\",\"width\":203,\"height\":73,\"caption\":\"Connected Sourcing\"},\"image\":{\"@id\":\"https:\\\/\\\/connectedsourcing.com\\\/de\\\/#\\\/schema\\\/logo\\\/image\\\/\"},\"sameAs\":[\"https:\\\/\\\/www.linkedin.com\\\/company\\\/connectedsourcing\\\/\"]}]}<\/script>\n<!-- \/ Yoast SEO plugin. -->","yoast_head_json":{"title":"Erneuerbare Energien - Connected Sourcing","robots":{"index":"index","follow":"follow","max-snippet":"max-snippet:-1","max-image-preview":"max-image-preview:large","max-video-preview":"max-video-preview:-1"},"canonical":"https:\/\/connectedsourcing.com\/de\/erneuerbare-energien\/","og_locale":"en_US","og_type":"article","og_title":"Erneuerbare Energien - Connected Sourcing","og_description":"Bei Connected Sourcing haben wir uns verpflichtet, unseren Kunden nachhaltige Energiel\u00f6sungen anzubieten. Wir sind davon \u00fcberzeugt, dass Investitionen in erneuerbare Energien nicht nur gut f\u00fcr die Umwelt sind, sondern auch eine kluge finanzielle Entscheidung darstellen. Durch die Umstellung auf erneuerbare Energien k\u00f6nnen Sie Ihre Stromrechnungen senken, Ihren CO2-Fu\u00dfabdruck minimieren und Energieunabh\u00e4ngigkeit gewinnen.Wir unterst\u00fctzen Unternehmen bei [&hellip;]","og_url":"https:\/\/connectedsourcing.com\/de\/erneuerbare-energien\/","og_site_name":"Connected Sourcing","article_modified_time":"2025-02-03T06:25:49+00:00","og_image":[{"width":756,"height":464,"url":"https:\/\/connectedsourcing.com\/de\/wp-content\/uploads\/2024\/01\/map-network-connection.png","type":"image\/png"}],"twitter_card":"summary_large_image","twitter_misc":{"Est. reading time":"2 minutes"},"schema":{"@context":"https:\/\/schema.org","@graph":[{"@type":"WebPage","@id":"https:\/\/connectedsourcing.com\/de\/erneuerbare-energien\/","url":"https:\/\/connectedsourcing.com\/de\/erneuerbare-energien\/","name":"Erneuerbare Energien - Connected Sourcing","isPartOf":{"@id":"https:\/\/connectedsourcing.com\/de\/#website"},"primaryImageOfPage":{"@id":"https:\/\/connectedsourcing.com\/de\/erneuerbare-energien\/#primaryimage"},"image":{"@id":"https:\/\/connectedsourcing.com\/de\/erneuerbare-energien\/#primaryimage"},"thumbnailUrl":"https:\/\/connectedsourcing.com\/de\/wp-content\/uploads\/2024\/01\/map-network-connection.png","datePublished":"2024-01-26T06:08:20+00:00","dateModified":"2025-02-03T06:25:49+00:00","breadcrumb":{"@id":"https:\/\/connectedsourcing.com\/de\/erneuerbare-energien\/#breadcrumb"},"inLanguage":"en-US","potentialAction":[{"@type":"ReadAction","target":["https:\/\/connectedsourcing.com\/de\/erneuerbare-energien\/"]}]},{"@type":"ImageObject","inLanguage":"en-US","@id":"https:\/\/connectedsourcing.com\/de\/erneuerbare-energien\/#primaryimage","url":"https:\/\/connectedsourcing.com\/de\/wp-content\/uploads\/2024\/01\/map-network-connection.png","contentUrl":"https:\/\/connectedsourcing.com\/de\/wp-content\/uploads\/2024\/01\/map-network-connection.png","width":756,"height":464,"caption":"Connecting World Map"},{"@type":"BreadcrumbList","@id":"https:\/\/connectedsourcing.com\/de\/erneuerbare-energien\/#breadcrumb","itemListElement":[{"@type":"ListItem","position":1,"name":"Home","item":"https:\/\/connectedsourcing.com\/de\/"},{"@type":"ListItem","position":2,"name":"Erneuerbare Energien"}]},{"@type":"WebSite","@id":"https:\/\/connectedsourcing.com\/de\/#website","url":"https:\/\/connectedsourcing.com\/de\/","name":"Connected Sourcing","description":"","publisher":{"@id":"https:\/\/connectedsourcing.com\/de\/#organization"},"potentialAction":[{"@type":"SearchAction","target":{"@type":"EntryPoint","urlTemplate":"https:\/\/connectedsourcing.com\/de\/?s={search_term_string}"},"query-input":{"@type":"PropertyValueSpecification","valueRequired":true,"valueName":"search_term_string"}}],"inLanguage":"en-US"},{"@type":"Organization","@id":"https:\/\/connectedsourcing.com\/de\/#organization","name":"Connected Sourcing","url":"https:\/\/connectedsourcing.com\/de\/","logo":{"@type":"ImageObject","inLanguage":"en-US","@id":"https:\/\/connectedsourcing.com\/de\/#\/schema\/logo\/image\/","url":"https:\/\/connectedsourcing.com\/de\/wp-content\/uploads\/2024\/01\/Connected_Sourcing_logo.webp","contentUrl":"https:\/\/connectedsourcing.com\/de\/wp-content\/uploads\/2024\/01\/Connected_Sourcing_logo.webp","width":203,"height":73,"caption":"Connected Sourcing"},"image":{"@id":"https:\/\/connectedsourcing.com\/de\/#\/schema\/logo\/image\/"},"sameAs":["https:\/\/www.linkedin.com\/company\/connectedsourcing\/"]}]}},"_links":{"self":[{"href":"https:\/\/connectedsourcing.com\/de\/wp-json\/wp\/v2\/pages\/374","targetHints":{"allow":["GET"]}}],"collection":[{"href":"https:\/\/connectedsourcing.com\/de\/wp-json\/wp\/v2\/pages"}],"about":[{"href":"https:\/\/connectedsourcing.com\/de\/wp-json\/wp\/v2\/types\/page"}],"author":[{"embeddable":true,"href":"https:\/\/connectedsourcing.com\/de\/wp-json\/wp\/v2\/users\/3"}],"replies":[{"embeddable":true,"href":"https:\/\/connectedsourcing.com\/de\/wp-json\/wp\/v2\/comments?post=374"}],"version-history":[{"count":7,"href":"https:\/\/connectedsourcing.com\/de\/wp-json\/wp\/v2\/pages\/374\/revisions"}],"predecessor-version":[{"id":5070,"href":"https:\/\/connectedsourcing.com\/de\/wp-json\/wp\/v2\/pages\/374\/revisions\/5070"}],"wp:featuredmedia":[{"embeddable":true,"href":"https:\/\/connectedsourcing.com\/de\/wp-json\/wp\/v2\/media\/69"}],"wp:attachment":[{"href":"https:\/\/connectedsourcing.com\/de\/wp-json\/wp\/v2\/media?parent=374"}],"curies":[{"name":"wp","href":"https:\/\/api.w.org\/{rel}","templated":true}]}}