{"id":403,"date":"2024-01-26T06:12:36","date_gmt":"2024-01-26T06:12:36","guid":{"rendered":"https:\/\/rol.rdx.mybluehost.me\/connectedsourcing.com\/de\/?page_id=403"},"modified":"2025-02-03T06:26:15","modified_gmt":"2025-02-03T06:26:15","slug":"rechtsdienstleistungen","status":"publish","type":"page","link":"https:\/\/connectedsourcing.com\/de\/rechtsdienstleistungen\/","title":{"rendered":"Rechtsdienstleistungen"},"content":{"rendered":"\t\t<div data-elementor-type=\"wp-page\" data-elementor-id=\"403\" class=\"elementor elementor-403\">\n\t\t\t\t<div class=\"elementor-element elementor-element-e3ed9bf e-flex e-con-boxed e-con e-parent\" data-id=\"e3ed9bf\" data-element_type=\"container\" data-e-type=\"container\">\n\t\t\t\t\t<div class=\"e-con-inner\">\n\t\t\t\t<div class=\"elementor-element elementor-element-2b2fd3b elementor-widget elementor-widget-text-editor\" data-id=\"2b2fd3b\" data-element_type=\"widget\" data-e-type=\"widget\" data-widget_type=\"text-editor.default\">\n\t\t\t\t<div class=\"elementor-widget-container\">\n\t\t\t\t\t\t\t\t\t<p><strong>Connected Sourcing<\/strong> ist Ihr zuverl\u00e4ssiger Ansprechpartner, wenn es um den Einkauf bei chinesischen Anbietern geht. Unsere spezialisierten Rechtsdienstleistungen gew\u00e4hrleisten erfolgreiche Transaktionen bei gleichzeitiger Risikominimierung. Wir k\u00fcmmern uns um alle Aspekte, von der Vertragsgestaltung und -verhandlung bis hin zur Due-Diligence-Pr\u00fcfung und Streitbeilegung. Da der Schutz des geistigen Eigentums (IP) von gr\u00f6\u00dfter Bedeutung ist, begleiten unsere Experten Sie durch den Registrierungsprozess und helfen bei der Entwicklung wirksamer Verteidigungsstrategien. Dar\u00fcber hinaus befassen wir uns mit dem entscheidenden Aspekt der Kaufvertragsbedingungen und stellen sicher, dass Ihre Interessen gesch\u00fctzt werden und die Bedingungen fair und durchsetzbar sind. Unsere umfassende rechtliche Unterst\u00fctzung erm\u00f6glicht es Ihnen, sich sicher durch die Komplexit\u00e4t des internationalen Handels zu bewegen. Durch die Zusammenarbeit mit Connected Sourcing verschaffen Sie sich einen Wettbewerbsvorteil auf dem globalen Markt, denn wir helfen Ihnen, Risiken zu minimieren, Ihre Gesch\u00e4ftsinteressen zu sch\u00fctzen und rechtskonforme und fruchtbare Partnerschaften mit chinesischen Lieferanten zu schlie\u00dfen.<\/p>\t\t\t\t\t\t\t\t<\/div>\n\t\t\t\t<\/div>\n\t\t\t\t\t<\/div>\n\t\t\t\t<\/div>\n\t\t\t\t<\/div>\n\t\t","protected":false},"excerpt":{"rendered":"<p>Connected Sourcing ist Ihr zuverl\u00e4ssiger Ansprechpartner, wenn es um den Einkauf bei chinesischen Anbietern geht. Unsere spezialisierten Rechtsdienstleistungen gew\u00e4hrleisten erfolgreiche Transaktionen bei gleichzeitiger Risikominimierung. Wir k\u00fcmmern uns um alle Aspekte, von der Vertragsgestaltung und -verhandlung bis hin zur Due-Diligence-Pr\u00fcfung und Streitbeilegung. Da der Schutz des geistigen Eigentums (IP) von gr\u00f6\u00dfter Bedeutung ist, begleiten unsere Experten [&hellip;]<\/p>\n","protected":false},"author":3,"featured_media":69,"parent":0,"menu_order":0,"comment_status":"closed","ping_status":"closed","template":"","meta":{"nf_dc_page":"","footnotes":""},"class_list":["post-403","page","type-page","status-publish","has-post-thumbnail","hentry"],"yoast_head":"<!-- This site is optimized with the Yoast SEO plugin v27.4 - https:\/\/yoast.com\/product\/yoast-seo-wordpress\/ -->\n<title>Rechtsdienstleistungen - Connected Sourcing<\/title>\n<meta name=\"robots\" content=\"index, follow, max-snippet:-1, max-image-preview:large, max-video-preview:-1\" \/>\n<link rel=\"canonical\" href=\"https:\/\/connectedsourcing.com\/de\/rechtsdienstleistungen\/\" \/>\n<meta property=\"og:locale\" content=\"en_US\" \/>\n<meta property=\"og:type\" content=\"article\" \/>\n<meta property=\"og:title\" content=\"Rechtsdienstleistungen - Connected Sourcing\" \/>\n<meta property=\"og:description\" content=\"Connected Sourcing ist Ihr zuverl\u00e4ssiger Ansprechpartner, wenn es um den Einkauf bei chinesischen Anbietern geht. Unsere spezialisierten Rechtsdienstleistungen gew\u00e4hrleisten erfolgreiche Transaktionen bei gleichzeitiger Risikominimierung. Wir k\u00fcmmern uns um alle Aspekte, von der Vertragsgestaltung und -verhandlung bis hin zur Due-Diligence-Pr\u00fcfung und Streitbeilegung. Da der Schutz des geistigen Eigentums (IP) von gr\u00f6\u00dfter Bedeutung ist, begleiten unsere Experten [&hellip;]\" \/>\n<meta property=\"og:url\" content=\"https:\/\/connectedsourcing.com\/de\/rechtsdienstleistungen\/\" \/>\n<meta property=\"og:site_name\" content=\"Connected Sourcing\" \/>\n<meta property=\"article:modified_time\" content=\"2025-02-03T06:26:15+00:00\" \/>\n<meta property=\"og:image\" content=\"https:\/\/connectedsourcing.com\/de\/wp-content\/uploads\/2024\/01\/map-network-connection.png\" \/>\n\t<meta property=\"og:image:width\" content=\"756\" \/>\n\t<meta property=\"og:image:height\" content=\"464\" \/>\n\t<meta property=\"og:image:type\" content=\"image\/png\" \/>\n<meta name=\"twitter:card\" content=\"summary_large_image\" \/>\n<meta name=\"twitter:label1\" content=\"Est. reading time\" \/>\n\t<meta name=\"twitter:data1\" content=\"1 minute\" \/>\n<script type=\"application\/ld+json\" class=\"yoast-schema-graph\">{\"@context\":\"https:\\\/\\\/schema.org\",\"@graph\":[{\"@type\":\"WebPage\",\"@id\":\"https:\\\/\\\/connectedsourcing.com\\\/de\\\/rechtsdienstleistungen\\\/\",\"url\":\"https:\\\/\\\/connectedsourcing.com\\\/de\\\/rechtsdienstleistungen\\\/\",\"name\":\"Rechtsdienstleistungen - Connected Sourcing\",\"isPartOf\":{\"@id\":\"https:\\\/\\\/connectedsourcing.com\\\/de\\\/#website\"},\"primaryImageOfPage\":{\"@id\":\"https:\\\/\\\/connectedsourcing.com\\\/de\\\/rechtsdienstleistungen\\\/#primaryimage\"},\"image\":{\"@id\":\"https:\\\/\\\/connectedsourcing.com\\\/de\\\/rechtsdienstleistungen\\\/#primaryimage\"},\"thumbnailUrl\":\"https:\\\/\\\/connectedsourcing.com\\\/de\\\/wp-content\\\/uploads\\\/2024\\\/01\\\/map-network-connection.png\",\"datePublished\":\"2024-01-26T06:12:36+00:00\",\"dateModified\":\"2025-02-03T06:26:15+00:00\",\"breadcrumb\":{\"@id\":\"https:\\\/\\\/connectedsourcing.com\\\/de\\\/rechtsdienstleistungen\\\/#breadcrumb\"},\"inLanguage\":\"en-US\",\"potentialAction\":[{\"@type\":\"ReadAction\",\"target\":[\"https:\\\/\\\/connectedsourcing.com\\\/de\\\/rechtsdienstleistungen\\\/\"]}]},{\"@type\":\"ImageObject\",\"inLanguage\":\"en-US\",\"@id\":\"https:\\\/\\\/connectedsourcing.com\\\/de\\\/rechtsdienstleistungen\\\/#primaryimage\",\"url\":\"https:\\\/\\\/connectedsourcing.com\\\/de\\\/wp-content\\\/uploads\\\/2024\\\/01\\\/map-network-connection.png\",\"contentUrl\":\"https:\\\/\\\/connectedsourcing.com\\\/de\\\/wp-content\\\/uploads\\\/2024\\\/01\\\/map-network-connection.png\",\"width\":756,\"height\":464,\"caption\":\"Connecting World Map\"},{\"@type\":\"BreadcrumbList\",\"@id\":\"https:\\\/\\\/connectedsourcing.com\\\/de\\\/rechtsdienstleistungen\\\/#breadcrumb\",\"itemListElement\":[{\"@type\":\"ListItem\",\"position\":1,\"name\":\"Home\",\"item\":\"https:\\\/\\\/connectedsourcing.com\\\/de\\\/\"},{\"@type\":\"ListItem\",\"position\":2,\"name\":\"Rechtsdienstleistungen\"}]},{\"@type\":\"WebSite\",\"@id\":\"https:\\\/\\\/connectedsourcing.com\\\/de\\\/#website\",\"url\":\"https:\\\/\\\/connectedsourcing.com\\\/de\\\/\",\"name\":\"Connected Sourcing\",\"description\":\"\",\"publisher\":{\"@id\":\"https:\\\/\\\/connectedsourcing.com\\\/de\\\/#organization\"},\"potentialAction\":[{\"@type\":\"SearchAction\",\"target\":{\"@type\":\"EntryPoint\",\"urlTemplate\":\"https:\\\/\\\/connectedsourcing.com\\\/de\\\/?s={search_term_string}\"},\"query-input\":{\"@type\":\"PropertyValueSpecification\",\"valueRequired\":true,\"valueName\":\"search_term_string\"}}],\"inLanguage\":\"en-US\"},{\"@type\":\"Organization\",\"@id\":\"https:\\\/\\\/connectedsourcing.com\\\/de\\\/#organization\",\"name\":\"Connected Sourcing\",\"url\":\"https:\\\/\\\/connectedsourcing.com\\\/de\\\/\",\"logo\":{\"@type\":\"ImageObject\",\"inLanguage\":\"en-US\",\"@id\":\"https:\\\/\\\/connectedsourcing.com\\\/de\\\/#\\\/schema\\\/logo\\\/image\\\/\",\"url\":\"https:\\\/\\\/connectedsourcing.com\\\/de\\\/wp-content\\\/uploads\\\/2024\\\/01\\\/Connected_Sourcing_logo.webp\",\"contentUrl\":\"https:\\\/\\\/connectedsourcing.com\\\/de\\\/wp-content\\\/uploads\\\/2024\\\/01\\\/Connected_Sourcing_logo.webp\",\"width\":203,\"height\":73,\"caption\":\"Connected Sourcing\"},\"image\":{\"@id\":\"https:\\\/\\\/connectedsourcing.com\\\/de\\\/#\\\/schema\\\/logo\\\/image\\\/\"},\"sameAs\":[\"https:\\\/\\\/www.linkedin.com\\\/company\\\/connectedsourcing\\\/\"]}]}<\/script>\n<!-- \/ Yoast SEO plugin. -->","yoast_head_json":{"title":"Rechtsdienstleistungen - Connected Sourcing","robots":{"index":"index","follow":"follow","max-snippet":"max-snippet:-1","max-image-preview":"max-image-preview:large","max-video-preview":"max-video-preview:-1"},"canonical":"https:\/\/connectedsourcing.com\/de\/rechtsdienstleistungen\/","og_locale":"en_US","og_type":"article","og_title":"Rechtsdienstleistungen - Connected Sourcing","og_description":"Connected Sourcing ist Ihr zuverl\u00e4ssiger Ansprechpartner, wenn es um den Einkauf bei chinesischen Anbietern geht. Unsere spezialisierten Rechtsdienstleistungen gew\u00e4hrleisten erfolgreiche Transaktionen bei gleichzeitiger Risikominimierung. Wir k\u00fcmmern uns um alle Aspekte, von der Vertragsgestaltung und -verhandlung bis hin zur Due-Diligence-Pr\u00fcfung und Streitbeilegung. Da der Schutz des geistigen Eigentums (IP) von gr\u00f6\u00dfter Bedeutung ist, begleiten unsere Experten [&hellip;]","og_url":"https:\/\/connectedsourcing.com\/de\/rechtsdienstleistungen\/","og_site_name":"Connected Sourcing","article_modified_time":"2025-02-03T06:26:15+00:00","og_image":[{"width":756,"height":464,"url":"https:\/\/connectedsourcing.com\/de\/wp-content\/uploads\/2024\/01\/map-network-connection.png","type":"image\/png"}],"twitter_card":"summary_large_image","twitter_misc":{"Est. reading time":"1 minute"},"schema":{"@context":"https:\/\/schema.org","@graph":[{"@type":"WebPage","@id":"https:\/\/connectedsourcing.com\/de\/rechtsdienstleistungen\/","url":"https:\/\/connectedsourcing.com\/de\/rechtsdienstleistungen\/","name":"Rechtsdienstleistungen - Connected Sourcing","isPartOf":{"@id":"https:\/\/connectedsourcing.com\/de\/#website"},"primaryImageOfPage":{"@id":"https:\/\/connectedsourcing.com\/de\/rechtsdienstleistungen\/#primaryimage"},"image":{"@id":"https:\/\/connectedsourcing.com\/de\/rechtsdienstleistungen\/#primaryimage"},"thumbnailUrl":"https:\/\/connectedsourcing.com\/de\/wp-content\/uploads\/2024\/01\/map-network-connection.png","datePublished":"2024-01-26T06:12:36+00:00","dateModified":"2025-02-03T06:26:15+00:00","breadcrumb":{"@id":"https:\/\/connectedsourcing.com\/de\/rechtsdienstleistungen\/#breadcrumb"},"inLanguage":"en-US","potentialAction":[{"@type":"ReadAction","target":["https:\/\/connectedsourcing.com\/de\/rechtsdienstleistungen\/"]}]},{"@type":"ImageObject","inLanguage":"en-US","@id":"https:\/\/connectedsourcing.com\/de\/rechtsdienstleistungen\/#primaryimage","url":"https:\/\/connectedsourcing.com\/de\/wp-content\/uploads\/2024\/01\/map-network-connection.png","contentUrl":"https:\/\/connectedsourcing.com\/de\/wp-content\/uploads\/2024\/01\/map-network-connection.png","width":756,"height":464,"caption":"Connecting World Map"},{"@type":"BreadcrumbList","@id":"https:\/\/connectedsourcing.com\/de\/rechtsdienstleistungen\/#breadcrumb","itemListElement":[{"@type":"ListItem","position":1,"name":"Home","item":"https:\/\/connectedsourcing.com\/de\/"},{"@type":"ListItem","position":2,"name":"Rechtsdienstleistungen"}]},{"@type":"WebSite","@id":"https:\/\/connectedsourcing.com\/de\/#website","url":"https:\/\/connectedsourcing.com\/de\/","name":"Connected Sourcing","description":"","publisher":{"@id":"https:\/\/connectedsourcing.com\/de\/#organization"},"potentialAction":[{"@type":"SearchAction","target":{"@type":"EntryPoint","urlTemplate":"https:\/\/connectedsourcing.com\/de\/?s={search_term_string}"},"query-input":{"@type":"PropertyValueSpecification","valueRequired":true,"valueName":"search_term_string"}}],"inLanguage":"en-US"},{"@type":"Organization","@id":"https:\/\/connectedsourcing.com\/de\/#organization","name":"Connected Sourcing","url":"https:\/\/connectedsourcing.com\/de\/","logo":{"@type":"ImageObject","inLanguage":"en-US","@id":"https:\/\/connectedsourcing.com\/de\/#\/schema\/logo\/image\/","url":"https:\/\/connectedsourcing.com\/de\/wp-content\/uploads\/2024\/01\/Connected_Sourcing_logo.webp","contentUrl":"https:\/\/connectedsourcing.com\/de\/wp-content\/uploads\/2024\/01\/Connected_Sourcing_logo.webp","width":203,"height":73,"caption":"Connected Sourcing"},"image":{"@id":"https:\/\/connectedsourcing.com\/de\/#\/schema\/logo\/image\/"},"sameAs":["https:\/\/www.linkedin.com\/company\/connectedsourcing\/"]}]}},"_links":{"self":[{"href":"https:\/\/connectedsourcing.com\/de\/wp-json\/wp\/v2\/pages\/403","targetHints":{"allow":["GET"]}}],"collection":[{"href":"https:\/\/connectedsourcing.com\/de\/wp-json\/wp\/v2\/pages"}],"about":[{"href":"https:\/\/connectedsourcing.com\/de\/wp-json\/wp\/v2\/types\/page"}],"author":[{"embeddable":true,"href":"https:\/\/connectedsourcing.com\/de\/wp-json\/wp\/v2\/users\/3"}],"replies":[{"embeddable":true,"href":"https:\/\/connectedsourcing.com\/de\/wp-json\/wp\/v2\/comments?post=403"}],"version-history":[{"count":8,"href":"https:\/\/connectedsourcing.com\/de\/wp-json\/wp\/v2\/pages\/403\/revisions"}],"predecessor-version":[{"id":5073,"href":"https:\/\/connectedsourcing.com\/de\/wp-json\/wp\/v2\/pages\/403\/revisions\/5073"}],"wp:featuredmedia":[{"embeddable":true,"href":"https:\/\/connectedsourcing.com\/de\/wp-json\/wp\/v2\/media\/69"}],"wp:attachment":[{"href":"https:\/\/connectedsourcing.com\/de\/wp-json\/wp\/v2\/media?parent=403"}],"curies":[{"name":"wp","href":"https:\/\/api.w.org\/{rel}","templated":true}]}}