{"id":4121,"date":"2024-04-02T14:15:23","date_gmt":"2024-04-02T14:15:23","guid":{"rendered":"https:\/\/connectedsourcing.com\/de\/?page_id=4121"},"modified":"2025-04-04T02:42:37","modified_gmt":"2025-04-04T02:42:37","slug":"news","status":"publish","type":"page","link":"https:\/\/connectedsourcing.com\/de\/news\/","title":{"rendered":"News"},"content":{"rendered":"\t\t<div data-elementor-type=\"wp-page\" data-elementor-id=\"4121\" class=\"elementor elementor-4121\">\n\t\t\t\t<div class=\"elementor-element elementor-element-11b492a e-flex e-con-boxed e-con e-parent\" data-id=\"11b492a\" data-element_type=\"container\" data-e-type=\"container\">\n\t\t\t\t\t<div class=\"e-con-inner\">\n\t\t\t\t<div class=\"elementor-element elementor-element-1d34efd elementor-posts--align-left elementor-grid-3 elementor-grid-tablet-2 elementor-grid-mobile-1 elementor-posts--thumbnail-top elementor-widget elementor-widget-posts\" data-id=\"1d34efd\" data-element_type=\"widget\" data-e-type=\"widget\" id=\"latestblogpost\" data-settings=\"{&quot;classic_row_gap&quot;:{&quot;unit&quot;:&quot;px&quot;,&quot;size&quot;:20,&quot;sizes&quot;:[]},&quot;pagination_type&quot;:&quot;numbers_and_prev_next&quot;,&quot;classic_columns&quot;:&quot;3&quot;,&quot;classic_columns_tablet&quot;:&quot;2&quot;,&quot;classic_columns_mobile&quot;:&quot;1&quot;,&quot;classic_row_gap_tablet&quot;:{&quot;unit&quot;:&quot;px&quot;,&quot;size&quot;:&quot;&quot;,&quot;sizes&quot;:[]},&quot;classic_row_gap_mobile&quot;:{&quot;unit&quot;:&quot;px&quot;,&quot;size&quot;:&quot;&quot;,&quot;sizes&quot;:[]}}\" data-widget_type=\"posts.classic\">\n\t\t\t\t<div class=\"elementor-widget-container\">\n\t\t\t\t\t\t\t<div class=\"elementor-posts-container elementor-posts elementor-posts--skin-classic elementor-grid\">\n\t\t\t\t<article class=\"elementor-post elementor-grid-item post-4853 post type-post status-publish format-standard has-post-thumbnail hentry category-news\">\n\t\t\t\t<a class=\"elementor-post__thumbnail__link\" href=\"https:\/\/connectedsourcing.com\/de\/news\/usa-nehmen-chinas-chip-industrie-ins-visier-china-kontert-mit-exportverbot-fur-seltene-mineralien\/\" >\n\t\t\t<div class=\"elementor-post__thumbnail\"><img fetchpriority=\"high\" decoding=\"async\" width=\"1200\" height=\"644\" src=\"https:\/\/connectedsourcing.com\/de\/wp-content\/uploads\/2024\/12\/14.png\" class=\"attachment-full size-full wp-image-4854\" alt=\"U.S Targets China&#039;s Chip Industry: China Counters with Rare Mineral Ban\" srcset=\"https:\/\/connectedsourcing.com\/de\/wp-content\/uploads\/2024\/12\/14.png 1200w, https:\/\/connectedsourcing.com\/de\/wp-content\/uploads\/2024\/12\/14-300x161.png 300w, https:\/\/connectedsourcing.com\/de\/wp-content\/uploads\/2024\/12\/14-1024x550.png 1024w, https:\/\/connectedsourcing.com\/de\/wp-content\/uploads\/2024\/12\/14-768x412.png 768w\" sizes=\"(max-width: 1200px) 100vw, 1200px\" \/><\/div>\n\t\t<\/a>\n\t\t\t\t<div class=\"elementor-post__text\">\n\t\t\t\t<h3 class=\"elementor-post__title\">\n\t\t\t<a href=\"https:\/\/connectedsourcing.com\/de\/news\/usa-nehmen-chinas-chip-industrie-ins-visier-china-kontert-mit-exportverbot-fur-seltene-mineralien\/\" >\n\t\t\t\tUSA nehmen Chinas Chip-Industrie ins Visier; China kontert mit Exportverbot f\u00fcr seltene Mineralien\t\t\t<\/a>\n\t\t<\/h3>\n\t\t\t\t<div class=\"elementor-post__meta-data\">\n\t\t\t\t\t<span class=\"elementor-post-date\">\n\t\t\tDecember 12, 2024\t\t<\/span>\n\t\t\t\t<\/div>\n\t\t\t\t<div class=\"elementor-post__excerpt\">\n\t\t\t<p>USA nehmen Chinas Chip-Industrie ins Visier; China kontert mit Exportverbot f\u00fcr seltene Mineralien \u00a0 Die technologische Rivalit\u00e4t zwischen den Vereinigten Staaten und China hat sich<\/p>\n\t\t<\/div>\n\t\t\n\t\t<a class=\"elementor-post__read-more\" href=\"https:\/\/connectedsourcing.com\/de\/news\/usa-nehmen-chinas-chip-industrie-ins-visier-china-kontert-mit-exportverbot-fur-seltene-mineralien\/\" aria-label=\"Read more about USA nehmen Chinas Chip-Industrie ins Visier; China kontert mit Exportverbot f\u00fcr seltene Mineralien\" >\n\t\t\tMehr lesen &#10137;\t\t<\/a>\n\n\t\t\t\t<\/div>\n\t\t\t\t<\/article>\n\t\t\t\t<article class=\"elementor-post elementor-grid-item post-4361 post type-post status-publish format-standard has-post-thumbnail hentry category-news\">\n\t\t\t\t<a class=\"elementor-post__thumbnail__link\" href=\"https:\/\/connectedsourcing.com\/de\/news\/rote-meer-krise-verschlimmert-sich-asiatische-hafen-kampfen-mit-ruckstaus\/\" >\n\t\t\t<div class=\"elementor-post__thumbnail\"><img decoding=\"async\" width=\"624\" height=\"335\" src=\"https:\/\/connectedsourcing.com\/de\/wp-content\/uploads\/2024\/05\/Red-Sea-Crisis-Worsens-1.png\" class=\"attachment-full size-full wp-image-4364\" alt=\"Red Sea Crisis Worsens&quot; Asian Ports Struggle with Backlogs\" srcset=\"https:\/\/connectedsourcing.com\/de\/wp-content\/uploads\/2024\/05\/Red-Sea-Crisis-Worsens-1.png 624w, https:\/\/connectedsourcing.com\/de\/wp-content\/uploads\/2024\/05\/Red-Sea-Crisis-Worsens-1-300x161.png 300w\" sizes=\"(max-width: 624px) 100vw, 624px\" \/><\/div>\n\t\t<\/a>\n\t\t\t\t<div class=\"elementor-post__text\">\n\t\t\t\t<h3 class=\"elementor-post__title\">\n\t\t\t<a href=\"https:\/\/connectedsourcing.com\/de\/news\/rote-meer-krise-verschlimmert-sich-asiatische-hafen-kampfen-mit-ruckstaus\/\" >\n\t\t\t\tRote-Meer-Krise verschlimmert sich: Asiatische H\u00e4fen k\u00e4mpfen mit R\u00fcckstaus\t\t\t<\/a>\n\t\t<\/h3>\n\t\t\t\t<div class=\"elementor-post__meta-data\">\n\t\t\t\t\t<span class=\"elementor-post-date\">\n\t\t\tMay 17, 2024\t\t<\/span>\n\t\t\t\t<\/div>\n\t\t\t\t<div class=\"elementor-post__excerpt\">\n\t\t\t<p>Versp\u00e4tungen im Schiffsverkehr nehmen zu, da Houthi-Angriffe intensiver werden Das f\u00fchrende Schifffahrtsunternehmen Maersk warnt vor m\u00f6glichen Versp\u00e4tungen bei Lieferungen aufgrund der anhaltenden Angriffe der Houthi-Miliz<\/p>\n\t\t<\/div>\n\t\t\n\t\t<a class=\"elementor-post__read-more\" href=\"https:\/\/connectedsourcing.com\/de\/news\/rote-meer-krise-verschlimmert-sich-asiatische-hafen-kampfen-mit-ruckstaus\/\" aria-label=\"Read more about Rote-Meer-Krise verschlimmert sich: Asiatische H\u00e4fen k\u00e4mpfen mit R\u00fcckstaus\" >\n\t\t\tMehr lesen &#10137;\t\t<\/a>\n\n\t\t\t\t<\/div>\n\t\t\t\t<\/article>\n\t\t\t\t<article class=\"elementor-post elementor-grid-item post-4117 post type-post status-publish format-standard has-post-thumbnail hentry category-news\">\n\t\t\t\t<a class=\"elementor-post__thumbnail__link\" href=\"https:\/\/connectedsourcing.com\/de\/news\/chinas-industrieproduktion-wachst-2024-um-7-prozent\/\" >\n\t\t\t<div class=\"elementor-post__thumbnail\"><img decoding=\"async\" width=\"624\" height=\"335\" src=\"https:\/\/connectedsourcing.com\/de\/wp-content\/uploads\/2024\/04\/Chinas-Industrial-Production-Powers-Ahead-by-7-in-2024.png\" class=\"attachment-full size-full wp-image-4135\" alt=\"China&#039;s Industrial Production Powers Ahead by 7% in 2024\" srcset=\"https:\/\/connectedsourcing.com\/de\/wp-content\/uploads\/2024\/04\/Chinas-Industrial-Production-Powers-Ahead-by-7-in-2024.png 624w, https:\/\/connectedsourcing.com\/de\/wp-content\/uploads\/2024\/04\/Chinas-Industrial-Production-Powers-Ahead-by-7-in-2024-300x161.png 300w\" sizes=\"(max-width: 624px) 100vw, 624px\" \/><\/div>\n\t\t<\/a>\n\t\t\t\t<div class=\"elementor-post__text\">\n\t\t\t\t<h3 class=\"elementor-post__title\">\n\t\t\t<a href=\"https:\/\/connectedsourcing.com\/de\/news\/chinas-industrieproduktion-wachst-2024-um-7-prozent\/\" >\n\t\t\t\tChinas Industrieproduktion w\u00e4chst 2024 um 7 Prozent\t\t\t<\/a>\n\t\t<\/h3>\n\t\t\t\t<div class=\"elementor-post__meta-data\">\n\t\t\t\t\t<span class=\"elementor-post-date\">\n\t\t\tApril 2, 2024\t\t<\/span>\n\t\t\t\t<\/div>\n\t\t\t\t<div class=\"elementor-post__excerpt\">\n\t\t\t<p>Der industrielle Sektor Chinas verzeichnete in den ersten beiden Monaten des Jahres 2024 einen Produktionsanstieg, der die Erwartungen der Analysten \u00fcbertraf. Basierend auf den von<\/p>\n\t\t<\/div>\n\t\t\n\t\t<a class=\"elementor-post__read-more\" href=\"https:\/\/connectedsourcing.com\/de\/news\/chinas-industrieproduktion-wachst-2024-um-7-prozent\/\" aria-label=\"Read more about Chinas Industrieproduktion w\u00e4chst 2024 um 7 Prozent\" >\n\t\t\tMehr lesen &#10137;\t\t<\/a>\n\n\t\t\t\t<\/div>\n\t\t\t\t<\/article>\n\t\t\t\t<\/div>\n\t\t\n\t\t\t\t\t\t<\/div>\n\t\t\t\t<\/div>\n\t\t\t\t\t<\/div>\n\t\t\t\t<\/div>\n\t\t\t\t<\/div>\n\t\t","protected":false},"excerpt":{"rendered":"","protected":false},"author":3,"featured_media":69,"parent":0,"menu_order":0,"comment_status":"closed","ping_status":"closed","template":"","meta":{"nf_dc_page":"","footnotes":""},"class_list":["post-4121","page","type-page","status-publish","has-post-thumbnail","hentry"],"yoast_head":"<!-- This site is optimized with the Yoast SEO plugin v27.4 - https:\/\/yoast.com\/product\/yoast-seo-wordpress\/ -->\n<title>News - Connected Sourcing<\/title>\n<meta name=\"robots\" content=\"index, follow, max-snippet:-1, max-image-preview:large, max-video-preview:-1\" \/>\n<link rel=\"canonical\" href=\"https:\/\/connectedsourcing.com\/de\/news\/\" \/>\n<meta property=\"og:locale\" content=\"en_US\" \/>\n<meta property=\"og:type\" content=\"article\" \/>\n<meta property=\"og:title\" content=\"News - Connected Sourcing\" \/>\n<meta property=\"og:url\" content=\"https:\/\/connectedsourcing.com\/de\/news\/\" \/>\n<meta property=\"og:site_name\" content=\"Connected Sourcing\" \/>\n<meta property=\"article:modified_time\" content=\"2025-04-04T02:42:37+00:00\" \/>\n<meta property=\"og:image\" content=\"https:\/\/connectedsourcing.com\/de\/wp-content\/uploads\/2024\/01\/map-network-connection.png\" \/>\n\t<meta property=\"og:image:width\" content=\"756\" \/>\n\t<meta property=\"og:image:height\" content=\"464\" \/>\n\t<meta property=\"og:image:type\" content=\"image\/png\" \/>\n<meta name=\"twitter:card\" content=\"summary_large_image\" \/>\n<meta name=\"twitter:label1\" content=\"Est. reading time\" \/>\n\t<meta name=\"twitter:data1\" content=\"3 minutes\" \/>\n<script type=\"application\/ld+json\" class=\"yoast-schema-graph\">{\"@context\":\"https:\\\/\\\/schema.org\",\"@graph\":[{\"@type\":\"WebPage\",\"@id\":\"https:\\\/\\\/connectedsourcing.com\\\/de\\\/news\\\/\",\"url\":\"https:\\\/\\\/connectedsourcing.com\\\/de\\\/news\\\/\",\"name\":\"News - Connected Sourcing\",\"isPartOf\":{\"@id\":\"https:\\\/\\\/connectedsourcing.com\\\/de\\\/#website\"},\"primaryImageOfPage\":{\"@id\":\"https:\\\/\\\/connectedsourcing.com\\\/de\\\/news\\\/#primaryimage\"},\"image\":{\"@id\":\"https:\\\/\\\/connectedsourcing.com\\\/de\\\/news\\\/#primaryimage\"},\"thumbnailUrl\":\"https:\\\/\\\/connectedsourcing.com\\\/de\\\/wp-content\\\/uploads\\\/2024\\\/01\\\/map-network-connection.png\",\"datePublished\":\"2024-04-02T14:15:23+00:00\",\"dateModified\":\"2025-04-04T02:42:37+00:00\",\"breadcrumb\":{\"@id\":\"https:\\\/\\\/connectedsourcing.com\\\/de\\\/news\\\/#breadcrumb\"},\"inLanguage\":\"en-US\",\"potentialAction\":[{\"@type\":\"ReadAction\",\"target\":[\"https:\\\/\\\/connectedsourcing.com\\\/de\\\/news\\\/\"]}]},{\"@type\":\"ImageObject\",\"inLanguage\":\"en-US\",\"@id\":\"https:\\\/\\\/connectedsourcing.com\\\/de\\\/news\\\/#primaryimage\",\"url\":\"https:\\\/\\\/connectedsourcing.com\\\/de\\\/wp-content\\\/uploads\\\/2024\\\/01\\\/map-network-connection.png\",\"contentUrl\":\"https:\\\/\\\/connectedsourcing.com\\\/de\\\/wp-content\\\/uploads\\\/2024\\\/01\\\/map-network-connection.png\",\"width\":756,\"height\":464,\"caption\":\"Connecting World Map\"},{\"@type\":\"BreadcrumbList\",\"@id\":\"https:\\\/\\\/connectedsourcing.com\\\/de\\\/news\\\/#breadcrumb\",\"itemListElement\":[{\"@type\":\"ListItem\",\"position\":1,\"name\":\"Home\",\"item\":\"https:\\\/\\\/connectedsourcing.com\\\/de\\\/\"},{\"@type\":\"ListItem\",\"position\":2,\"name\":\"News\"}]},{\"@type\":\"WebSite\",\"@id\":\"https:\\\/\\\/connectedsourcing.com\\\/de\\\/#website\",\"url\":\"https:\\\/\\\/connectedsourcing.com\\\/de\\\/\",\"name\":\"Connected Sourcing\",\"description\":\"\",\"publisher\":{\"@id\":\"https:\\\/\\\/connectedsourcing.com\\\/de\\\/#organization\"},\"potentialAction\":[{\"@type\":\"SearchAction\",\"target\":{\"@type\":\"EntryPoint\",\"urlTemplate\":\"https:\\\/\\\/connectedsourcing.com\\\/de\\\/?s={search_term_string}\"},\"query-input\":{\"@type\":\"PropertyValueSpecification\",\"valueRequired\":true,\"valueName\":\"search_term_string\"}}],\"inLanguage\":\"en-US\"},{\"@type\":\"Organization\",\"@id\":\"https:\\\/\\\/connectedsourcing.com\\\/de\\\/#organization\",\"name\":\"Connected Sourcing\",\"url\":\"https:\\\/\\\/connectedsourcing.com\\\/de\\\/\",\"logo\":{\"@type\":\"ImageObject\",\"inLanguage\":\"en-US\",\"@id\":\"https:\\\/\\\/connectedsourcing.com\\\/de\\\/#\\\/schema\\\/logo\\\/image\\\/\",\"url\":\"https:\\\/\\\/connectedsourcing.com\\\/de\\\/wp-content\\\/uploads\\\/2024\\\/01\\\/Connected_Sourcing_logo.webp\",\"contentUrl\":\"https:\\\/\\\/connectedsourcing.com\\\/de\\\/wp-content\\\/uploads\\\/2024\\\/01\\\/Connected_Sourcing_logo.webp\",\"width\":203,\"height\":73,\"caption\":\"Connected Sourcing\"},\"image\":{\"@id\":\"https:\\\/\\\/connectedsourcing.com\\\/de\\\/#\\\/schema\\\/logo\\\/image\\\/\"},\"sameAs\":[\"https:\\\/\\\/www.linkedin.com\\\/company\\\/connectedsourcing\\\/\"]}]}<\/script>\n<!-- \/ Yoast SEO plugin. -->","yoast_head_json":{"title":"News - Connected Sourcing","robots":{"index":"index","follow":"follow","max-snippet":"max-snippet:-1","max-image-preview":"max-image-preview:large","max-video-preview":"max-video-preview:-1"},"canonical":"https:\/\/connectedsourcing.com\/de\/news\/","og_locale":"en_US","og_type":"article","og_title":"News - Connected Sourcing","og_url":"https:\/\/connectedsourcing.com\/de\/news\/","og_site_name":"Connected Sourcing","article_modified_time":"2025-04-04T02:42:37+00:00","og_image":[{"width":756,"height":464,"url":"https:\/\/connectedsourcing.com\/de\/wp-content\/uploads\/2024\/01\/map-network-connection.png","type":"image\/png"}],"twitter_card":"summary_large_image","twitter_misc":{"Est. reading time":"3 minutes"},"schema":{"@context":"https:\/\/schema.org","@graph":[{"@type":"WebPage","@id":"https:\/\/connectedsourcing.com\/de\/news\/","url":"https:\/\/connectedsourcing.com\/de\/news\/","name":"News - Connected Sourcing","isPartOf":{"@id":"https:\/\/connectedsourcing.com\/de\/#website"},"primaryImageOfPage":{"@id":"https:\/\/connectedsourcing.com\/de\/news\/#primaryimage"},"image":{"@id":"https:\/\/connectedsourcing.com\/de\/news\/#primaryimage"},"thumbnailUrl":"https:\/\/connectedsourcing.com\/de\/wp-content\/uploads\/2024\/01\/map-network-connection.png","datePublished":"2024-04-02T14:15:23+00:00","dateModified":"2025-04-04T02:42:37+00:00","breadcrumb":{"@id":"https:\/\/connectedsourcing.com\/de\/news\/#breadcrumb"},"inLanguage":"en-US","potentialAction":[{"@type":"ReadAction","target":["https:\/\/connectedsourcing.com\/de\/news\/"]}]},{"@type":"ImageObject","inLanguage":"en-US","@id":"https:\/\/connectedsourcing.com\/de\/news\/#primaryimage","url":"https:\/\/connectedsourcing.com\/de\/wp-content\/uploads\/2024\/01\/map-network-connection.png","contentUrl":"https:\/\/connectedsourcing.com\/de\/wp-content\/uploads\/2024\/01\/map-network-connection.png","width":756,"height":464,"caption":"Connecting World Map"},{"@type":"BreadcrumbList","@id":"https:\/\/connectedsourcing.com\/de\/news\/#breadcrumb","itemListElement":[{"@type":"ListItem","position":1,"name":"Home","item":"https:\/\/connectedsourcing.com\/de\/"},{"@type":"ListItem","position":2,"name":"News"}]},{"@type":"WebSite","@id":"https:\/\/connectedsourcing.com\/de\/#website","url":"https:\/\/connectedsourcing.com\/de\/","name":"Connected Sourcing","description":"","publisher":{"@id":"https:\/\/connectedsourcing.com\/de\/#organization"},"potentialAction":[{"@type":"SearchAction","target":{"@type":"EntryPoint","urlTemplate":"https:\/\/connectedsourcing.com\/de\/?s={search_term_string}"},"query-input":{"@type":"PropertyValueSpecification","valueRequired":true,"valueName":"search_term_string"}}],"inLanguage":"en-US"},{"@type":"Organization","@id":"https:\/\/connectedsourcing.com\/de\/#organization","name":"Connected Sourcing","url":"https:\/\/connectedsourcing.com\/de\/","logo":{"@type":"ImageObject","inLanguage":"en-US","@id":"https:\/\/connectedsourcing.com\/de\/#\/schema\/logo\/image\/","url":"https:\/\/connectedsourcing.com\/de\/wp-content\/uploads\/2024\/01\/Connected_Sourcing_logo.webp","contentUrl":"https:\/\/connectedsourcing.com\/de\/wp-content\/uploads\/2024\/01\/Connected_Sourcing_logo.webp","width":203,"height":73,"caption":"Connected Sourcing"},"image":{"@id":"https:\/\/connectedsourcing.com\/de\/#\/schema\/logo\/image\/"},"sameAs":["https:\/\/www.linkedin.com\/company\/connectedsourcing\/"]}]}},"_links":{"self":[{"href":"https:\/\/connectedsourcing.com\/de\/wp-json\/wp\/v2\/pages\/4121","targetHints":{"allow":["GET"]}}],"collection":[{"href":"https:\/\/connectedsourcing.com\/de\/wp-json\/wp\/v2\/pages"}],"about":[{"href":"https:\/\/connectedsourcing.com\/de\/wp-json\/wp\/v2\/types\/page"}],"author":[{"embeddable":true,"href":"https:\/\/connectedsourcing.com\/de\/wp-json\/wp\/v2\/users\/3"}],"replies":[{"embeddable":true,"href":"https:\/\/connectedsourcing.com\/de\/wp-json\/wp\/v2\/comments?post=4121"}],"version-history":[{"count":14,"href":"https:\/\/connectedsourcing.com\/de\/wp-json\/wp\/v2\/pages\/4121\/revisions"}],"predecessor-version":[{"id":5339,"href":"https:\/\/connectedsourcing.com\/de\/wp-json\/wp\/v2\/pages\/4121\/revisions\/5339"}],"wp:featuredmedia":[{"embeddable":true,"href":"https:\/\/connectedsourcing.com\/de\/wp-json\/wp\/v2\/media\/69"}],"wp:attachment":[{"href":"https:\/\/connectedsourcing.com\/de\/wp-json\/wp\/v2\/media?parent=4121"}],"curies":[{"name":"wp","href":"https:\/\/api.w.org\/{rel}","templated":true}]}}